{"id":17,"date":"2020-07-07T07:00:06","date_gmt":"2020-07-07T12:00:06","guid":{"rendered":"https:\/\/www.colegiobolivar.org\/biosecurityplan\/?page_id=17"},"modified":"2021-09-16T16:16:50","modified_gmt":"2021-09-16T21:16:50","slug":"bioseguridad","status":"publish","type":"page","link":"https:\/\/www.colegiobolivar.edu.co\/biosecurityplan\/","title":{"rendered":"Plan de Bioseguridad Colegio Bol\u00edvar"},"content":{"rendered":"\n<div class=\"wp-block-cover alignfull has-background-dim-40 has-accent-background-color has-background-dim\" style=\"min-height:600px;aspect-ratio:unset;\"><img loading=\"lazy\" decoding=\"async\" width=\"1920\" height=\"1080\" class=\"wp-block-cover__image-background wp-image-635\" alt=\"\" src=\"https:\/\/www.colegiobolivar.edu.co\/biosecurityplan\/wp-content\/uploads\/2020\/07\/girasoles-1.jpg\" style=\"object-position:80% 50%\" data-object-fit=\"cover\" data-object-position=\"80% 50%\" srcset=\"https:\/\/www.colegiobolivar.edu.co\/biosecurityplan\/wp-content\/uploads\/2020\/07\/girasoles-1.jpg 1920w, https:\/\/www.colegiobolivar.edu.co\/biosecurityplan\/wp-content\/uploads\/2020\/07\/girasoles-1-300x169.jpg 300w, https:\/\/www.colegiobolivar.edu.co\/biosecurityplan\/wp-content\/uploads\/2020\/07\/girasoles-1-1024x576.jpg 1024w, https:\/\/www.colegiobolivar.edu.co\/biosecurityplan\/wp-content\/uploads\/2020\/07\/girasoles-1-768x432.jpg 768w, https:\/\/www.colegiobolivar.edu.co\/biosecurityplan\/wp-content\/uploads\/2020\/07\/girasoles-1-1536x864.jpg 1536w, https:\/\/www.colegiobolivar.edu.co\/biosecurityplan\/wp-content\/uploads\/2020\/07\/girasoles-1-1200x675.jpg 1200w\" sizes=\"auto, (max-width: 1920px) 100vw, 1920px\" \/><div class=\"wp-block-cover__inner-container is-layout-flow wp-block-cover-is-layout-flow\">\n<h1 class=\"has-text-align-center wp-block-heading\">Conozca Nuestro Plan de Bioseguridad<\/h1>\n\n\n\n<h2 class=\"has-text-align-center subir wp-block-heading\"><strong>Somos una Comunidad unida que act\u00faa compasivamente cuid\u00e1ndonos<\/strong> los unos a los otros<\/h2>\n<\/div><\/div>\n\n\n\n<figure class=\"wp-block-video alignwide\"><video controls src=\"https:\/\/www.colegiobolivar.edu.co\/biosecurityplan\/wp-content\/uploads\/2020\/10\/CB-Bioseguridad-Espa\u00f1ol.mp4\"><\/video><\/figure>\n\n\n\n<div style=\"height:64px\" aria-hidden=\"true\" class=\"wp-block-spacer\"><\/div>\n\n\n\n<div class=\"wp-block-columns alignfull principales is-layout-flex wp-container-core-columns-is-layout-1 wp-block-columns-is-layout-flex\">\n<div class=\"wp-block-column estirado is-layout-flow wp-block-column-is-layout-flow\" style=\"flex-basis:25%\">\n<div class=\"wp-block-cover has-background-dim columnas\" style=\"background-color:#5e9de9\"><div class=\"wp-block-cover__inner-container is-layout-flow wp-block-cover-is-layout-flow\">\n<figure class=\"wp-block-image alignfull size-large foto\"><img loading=\"lazy\" decoding=\"async\" width=\"250\" height=\"166\" src=\"https:\/\/www.colegiobolivar.edu.co\/biosecurityplan\/wp-content\/uploads\/2021\/08\/Entrada-y-Salida_Chiquita.jpg\" alt=\"\" class=\"wp-image-1665\"\/><\/figure>\n\n\n\n<h3 class=\"has-text-align-center fotico wp-block-heading\">Ingreso y Egreso al Campus<\/h3>\n\n\n\n<p class=\"parr\">Informaci\u00f3n de las medidas de Bioseguridad que deben adoptar los padres de familia en casa y las acciones del Colegio en torno al transporte en autobuses y para el ingreso al campus. <\/p>\n\n\n\n<div class=\"wp-block-buttons is-content-justification-center boton is-layout-flex wp-block-buttons-is-layout-flex\">\n<div class=\"wp-block-button is-style-outline botoncito is-style-outline--1\"><a class=\"wp-block-button__link has-background-color has-text-color\" href=\"https:\/\/www.colegiobolivar.edu.co\/biosecurityplan\/entrar-y-salir-del-campus\/\">ver m\u00e1s&#8230;<\/a><\/div>\n<\/div>\n<\/div><\/div>\n<\/div>\n\n\n\n<div class=\"wp-block-column estirado is-layout-flow wp-block-column-is-layout-flow\" style=\"flex-basis:25%\">\n<div class=\"wp-block-cover has-background-dim columnas\" style=\"background-color:#ee5862\"><div class=\"wp-block-cover__inner-container is-layout-flow wp-block-cover-is-layout-flow\">\n<figure class=\"wp-block-image alignfull size-large foto\"><img loading=\"lazy\" decoding=\"async\" width=\"250\" height=\"166\" src=\"https:\/\/www.colegiobolivar.edu.co\/biosecurityplan\/wp-content\/uploads\/2021\/08\/Campus-Chiquita.jpg\" alt=\"\" class=\"wp-image-1663\"\/><\/figure>\n\n\n\n<h3 class=\"has-text-align-center fotico wp-block-heading\">En el Campus<\/h3>\n\n\n\n<p>Informaci\u00f3n sobre las medidas de distanciamiento f\u00edsico en las Aulas, Pasillos, Cafeter\u00eda y Servicio M\u00e9dico, as\u00ed como todos los protocolos de desinfecci\u00f3n, disposici\u00f3n de basuras y uso de tapabocas.<\/p>\n\n\n\n<div class=\"wp-block-buttons is-content-justification-center boton is-layout-flex wp-block-buttons-is-layout-flex\">\n<div class=\"wp-block-button is-style-outline botoncito is-style-outline--2\"><a class=\"wp-block-button__link has-background-color has-text-color\" href=\"https:\/\/www.colegiobolivar.edu.co\/biosecurityplan\/en-el-campus\/\">ver m\u00e1s&#8230;<\/a><\/div>\n<\/div>\n<\/div><\/div>\n<\/div>\n\n\n\n<div class=\"wp-block-column estirado is-layout-flow wp-block-column-is-layout-flow\" style=\"flex-basis:25%\">\n<div class=\"wp-block-cover has-background-dim columnas\" style=\"background-color:#e89800\"><div class=\"wp-block-cover__inner-container is-layout-flow wp-block-cover-is-layout-flow\">\n<figure class=\"wp-block-image alignfull size-large foto is-style-default\"><img loading=\"lazy\" decoding=\"async\" width=\"250\" height=\"166\" src=\"https:\/\/www.colegiobolivar.edu.co\/biosecurityplan\/wp-content\/uploads\/2021\/08\/1-1.jpg\" alt=\"\" class=\"wp-image-1653\"\/><\/figure>\n\n\n\n<h3 class=\"has-text-align-center fotico wp-block-heading\">Cuidado de la Salud Mental <\/h3>\n\n\n\n<p>Entrenamiento a todo el personal del Colegio y estudiantes sobre c\u00f3mo manteener el entorno seguro y en la identificaci\u00f3n de signos de alarma.<\/p>\n\n\n\n<div class=\"wp-block-buttons is-content-justification-center boton is-layout-flex wp-block-buttons-is-layout-flex\">\n<div class=\"wp-block-button is-style-outline botoncito is-style-outline--3\"><a class=\"wp-block-button__link has-background-color has-text-color\" href=\"https:\/\/www.colegiobolivar.edu.co\/biosecurityplan\/desarrollo-profesional-relaciones-comunitarias\/\">ver m\u00e1s&#8230;<\/a><\/div>\n<\/div>\n<\/div><\/div>\n<\/div>\n\n\n\n<div class=\"wp-block-column estirado is-layout-flow wp-block-column-is-layout-flow\" style=\"flex-basis:25%\">\n<div class=\"wp-block-cover has-background-dim columnas\" style=\"background-color:#42b24c\"><div class=\"wp-block-cover__inner-container is-layout-flow wp-block-cover-is-layout-flow\">\n<figure class=\"wp-block-image alignfull size-large foto is-style-default\"><img loading=\"lazy\" decoding=\"async\" width=\"250\" height=\"166\" src=\"https:\/\/www.colegiobolivar.edu.co\/biosecurityplan\/wp-content\/uploads\/2021\/08\/4.jpg\" alt=\"\" class=\"wp-image-1654\"\/><\/figure>\n\n\n\n<h3 class=\"has-text-align-center fotico wp-block-heading\">Sospecha de Contagio<\/h3>\n\n\n\n<p>Informaci\u00f3n de c\u00f3mo nos preparamos para la identificaci\u00f3n de un caso sospechoso de COVID &#8211; 19 y los procedimientos y protocolos que llevamos a cabo como Instituci\u00f3n Educativa.<\/p>\n\n\n\n<div class=\"wp-block-buttons is-content-justification-center boton is-layout-flex wp-block-buttons-is-layout-flex\">\n<div class=\"wp-block-button is-style-outline botoncito is-style-outline--4\"><a class=\"wp-block-button__link has-background-color has-text-color\" href=\"https:\/\/www.colegiobolivar.edu.co\/biosecurityplan\/preparacion-para-sospechas-de-infecciones\/\">ver m\u00e1s&#8230;<\/a><\/div>\n<\/div>\n<\/div><\/div>\n<\/div>\n<\/div>\n\n\n\n<h2 class=\"has-accent-color has-text-color wp-block-heading\"><strong>Introducci\u00f3n<\/strong><\/h2>\n\n\n\n<p>El <strong>Plan de Bioseguridad del Colegio Bol\u00edvar<\/strong> se elabor\u00f3 utilizando la normatividad vigente emitida por el Ministerio de Salud y Protecci\u00f3n Social, Ministerio de Educaci\u00f3n y el gobierno local. Adem\u00e1s, se tuvo en cuenta la informaci\u00f3n del Centro para el Control de Enfermedades (CDC en Estados Unidos, la Organizaci\u00f3n de las Naciones Unidas para la Educaci\u00f3n, la Ciencia y la Cultura (UNESCO), planes de bioseguridad de varios colegios de nuestras organizaciones (AASSA, ASOBILCA, Tri-Association), y un comit\u00e9 integrado por el equipo de salud, seguridad, transporte, recursos humanos, mantenimiento y comunicaciones. Tambi\u00e9n ha sido revisado por el Consejo de Administraci\u00f3n. Compartimos una versi\u00f3n resumida del plan para los padres del Colegio Bol\u00edvar; el original es un documento interno para empleados y administraci\u00f3n. El presente protocolo ser\u00e1 actualizado a medida que la situaci\u00f3n en Cali y Colombia cambie y el gobierno colombiano emita nuevos procedimientos o protocolos, &nbsp;para brindar un entorno de aprendizaje bioseguro para todos los miembros de la comunidad.<\/p>\n\n\n\n<h2 class=\"has-accent-color has-text-color wp-block-heading\"><strong>Privacidad<\/strong><\/h2>\n\n\n\n<p>En todo momento y en todas las situaciones, se respetar\u00e1 y se mantendr\u00e1 en privacidad los nombres u otra informaci\u00f3n con respecto a los posibles contagios en la Comunidad. Es fundamental que cualquier caso, sospechoso o confirmado, se considere informaci\u00f3n confidencial disponible solo para la familia, los administradores del Colegio, el equipo m\u00e9dico, y las autoridades correspondientes.<\/p>\n\n\n\n<h2 class=\"has-accent-color has-text-color wp-block-heading\"><strong>Objetivo<\/strong><\/h2>\n\n\n\n<p>Adoptar, adaptar e implementar las medidas de bioseguridad necesarias para prevenir el contagio y propagaci\u00f3n del COVID 19 en la comunidad del Colegio; adicionalmente, gestionar los controles necesarios para el ingreso a las instalaciones del Colegio Bol\u00edvar, garantizando los est\u00e1ndares de bioseguridad recomendados por el Gobierno Nacional, la ARL y la Alcald\u00eda de Santiago de Cali, a fin de controlar los riesgos que pongan en peligro la salud de la Comunidad.<\/p>\n\n\n\n<h2 class=\"has-accent-color has-text-color wp-block-heading\"><strong>Alcance<\/strong><\/h2>\n\n\n\n<p>Este protocolo aplica a todos los miembros de la comunidad del Colegio Bol\u00edvar.<\/p>\n\n\n\n<h2 class=\"has-accent-color has-text-color wp-block-heading\"><strong>Responsable<\/strong><\/h2>\n\n\n\n<p>Coordinador de Mantenimiento, Coordinador de Transporte, Coordinador de Seguridad, L\u00edder de Recursos Humanos, Profesional de Salud Ocupacional, Servicio M\u00e9dico y Equipo Administrativo.<\/p>\n\n\n\n<h2 class=\"has-accent-color has-text-color wp-block-heading\"><strong>Metas<\/strong><\/h2>\n\n\n\n<ul class=\"wp-block-list\" type=\"1\"><li>Prevenir la transmisi\u00f3n del SARS- COV-2 en las interacciones acad\u00e9micas y laborales de la comunidad.<\/li><li>Apoyar a los miembros de la comunidad en el cumplimiento de las medidas b\u00e1sicas de autocuidado: distanciamiento f\u00edsico, uso adecuado del tapabocas, lavado e higienizaci\u00f3n de manos, permanencia en lugares con adecuada ventilaci\u00f3n, vacunaci\u00f3n contra Covid-19 y las dem\u00e1s medidas preventivas que demuestren ser efectivas.<\/li><li>Detectar de forma oportuna los casos sospechosos y\/o confirmados de COVID-19 para cortar la cadena de transmisi\u00f3n en la comunidad.<\/li><li>Mantener una comunicaci\u00f3n asertiva entre las \u00e1reas para la implementaci\u00f3n efectiva de las medidas de bioseguridad. &nbsp;<\/li><li>Proporcionar capacitaci\u00f3n a los miembros del personal en todas las \u00e1reas.<\/li><li>Cumplir con Los lineamientos emitidos por el gobierno nacional y local.<\/li><\/ul>\n\n\n\n<h2 class=\"has-accent-color has-text-color wp-block-heading\"><strong>Definiciones<\/strong><\/h2>\n\n\n\n<p><strong>Aislamiento social:<\/strong> separaci\u00f3n de una persona o grupo de personas, que se sabe o se cree que est\u00e1n infectadas con una enfermedad transmisible y potencialmente infecciosa, de aquellos que no est\u00e1n infectados, para prevenir la propagaci\u00f3n de COVID-19. El aislamiento para fines de salud p\u00fablica puede ser voluntario u obligado por orden de la autoridad sanitaria.<\/p>\n\n\n\n<p><strong>Aislamiento respiratorio:<\/strong> se aplica cuando se prev\u00e9 la presencia de gotas de origen respiratorio con bajo rango de difusi\u00f3n (hasta 1 metro).<\/p>\n\n\n\n<p><strong>Asintom\u00e1tico:<\/strong> personas que no presentan s\u00edntomas asociados con el contagio de COVID-19.<\/p>\n\n\n\n<p><strong>Aislamiento por gotas:<\/strong> se refiere a las medidas para controlar las infecciones por virus respiratorios y otros agentes transmitidos por gotas (&gt; 5 micras) impulsadas a corta distancia a trav\u00e9s del aire y que pueden ingresar a trav\u00e9s de los ojos, la mucosa nasal, la boca o la piel no intacta de la persona que est\u00e1 en contacto con el paciente.<\/p>\n\n\n\n<p><strong>Alternancia:<\/strong> opci\u00f3n de combinar estrategias de trabajo educativo en casa con encuentros presenciales en los establecimientos educativos consentidos por las familias y los estudiantes, previo diagn\u00f3stico de cumplimiento de las condiciones de bioseguridad para preservar el bienestar de la comunidad educativa y definici\u00f3n por parte de directivos y docentes, del ajuste del plan de estudios, adecuaci\u00f3n de la jornada escolar, edades de los estudiantes que pueden retornar, cantidad de grupos, lugares de encuentro, entre otros.<\/p>\n\n\n\n<p><strong>Autocuidado:<\/strong> seg\u00fan la definici\u00f3n de la Organizaci\u00f3n Mundial de la Salud, \u201cel autocuidado comprende todo lo que hacemos por nosotros mismos para establecer y mantener la salud, prevenir y manejar la enfermedad\u2019. (OMS, 1998). En el contexto de la Ley Estatutaria de Salud, el primer deber de la persona con el servicio de salud es \u201cpropender por su autocuidado, el de su familia y el de su comunidad\u2019 El autocuidado comprende las capacidades, decisiones y acciones que el individuo toma para proteger su salud la de su familia, aplicando pr\u00e1cticas como el autoaislamiento, monitoreo de signos vitales como la temperatura, oximetr\u00eda, tensi\u00f3n arterial.<\/p>\n\n\n\n<p><strong>Aglomeraci\u00f3n:<\/strong> Se entiende por aglomeraci\u00f3n toda concurrencia de personas en espacios cerrados y abiertos en los cuales no se pueda guardar el distanciamiento f\u00edsico de m\u00ednimo 1 metro entre persona y persona. Tambi\u00e9n se considera que existe aglomeraci\u00f3n cuando la disposici\u00f3n arquitect\u00f3nica del espacio y la distribuci\u00f3n de muebles y enseres dificulte o impida dicho distanciamiento.<\/p>\n\n\n\n<p><strong>Bioseguridad:<\/strong> conjunto de medidas preventivas que tienen por objeto eliminar o minimizar el factor de riesgo biol\u00f3gico que pueda llegar a afectar la salud, el medio ambiente o la vida de las personas, asegurando que el desarrollo o producto final de dichos procedimientos no atenten contra la salud y seguridad de los trabajadores y comunidad educativa.<\/p>\n\n\n\n<p><strong>Comunicaci\u00f3n del riesgo:<\/strong> Es el intercambio en tiempo real, de informaci\u00f3n, recomendaciones y opiniones, entre expertos y\/o funcionarios y personas que se enfrentan a una amenaza (riesgo) para su sobrevivencia, su salud o su bienestar econ\u00f3mico o social. El objetivo final de la comunica-ci\u00f3n de riesgos es que toda persona expuesta a un riesgo sea capaz de tomar decisiones informa-das para mitigar los efectos de la amenaza (riesgo) (OPS).<\/p>\n\n\n\n<p><strong>Conglomerados:<\/strong> Dos (2) o m\u00e1s personas de la misma instituci\u00f3n con resultado de laboratorio positivo para SARSCOV2, enfermedad COVID19 en los \u00faltimos 14 d\u00edas.<\/p>\n\n\n\n<p><strong>COVID-19:<\/strong> nueva enfermedad causada por un nuevo coronavirus. El nombre de la enfermedad se escogi\u00f3 siguiendo las mejores pr\u00e1cticas establecidas por la Organizaci\u00f3n Mundial de la Salud (OMS) para asignar nombres a nuevas enfermedades infecciosas en seres humanos.<\/p>\n\n\n\n<p><strong>Desinfecci\u00f3n:<\/strong> es la destrucci\u00f3n de microorganismos de una superficie por medio de agentes qu\u00edmicos o f\u00edsicos.<\/p>\n\n\n\n<p><strong>Desinfectante:<\/strong> es un germicida que inactiva pr\u00e1cticamente todos los microorganismos pat\u00f3genos reconocidos, pero no necesariamente todas las formas de vida microbiana, ejemplo esporas. Este t\u00e9rmino se aplica s\u00f3lo a objetos inanimados.<\/p>\n\n\n\n<p><strong>Distanciamiento f\u00edsico:<\/strong> Aumento de la medida espacial entre las personas y disminuci\u00f3n de la frecuencia de contacto entre ellas para reducir el riesgo de propagaci\u00f3n de una enfermedad. Para el caso del COVID-19 se indica mantener 2 metros entre las personas, incluso entre aquellas que son asintom\u00e1ticas. Las estrategias de distanciamiento f\u00edsico se pueden aplicar a nivel individual, grupal y espacial. Las primeras buscan evitar el contacto f\u00edsico, las segundas limitar las concentraciones, desplazamientos de la poblaci\u00f3n, entre otras, y las terceras incidir en la disposici\u00f3n y manejo de los espacios para favorecer la distancia entre las personas. Aunque el distanciamiento f\u00edsico es un reto, es una piedra angular en la reducci\u00f3n de la transmisi\u00f3n de enfermedades respiratorias tales como el COVID-19.<\/p>\n\n\n\n<p><strong>Estrategia de Cohorte: <\/strong>Se refiere a la estrategia de identificar y conformar grupos fijos de ni\u00f1os, ni\u00f1as y adolescentes que permanezcan juntos a lo largo del d\u00eda, manteniendo el distanciamiento f\u00edsico.<\/p>\n\n\n\n<p><strong>Hipoclorito:<\/strong> Grupo de desinfectantes que se encuentra entre los m\u00e1s com\u00fanmente utilizados que tienen un efecto r\u00e1pido sobre una gran variedad de microorganismos. Son los m\u00e1s apropiados para la desinfecci\u00f3n general. Como este grupo de desinfectantes corroe los metales y produce adem\u00e1s efectos decolorantes, es necesario enjuagar lo antes posible las superficies desinfectadas con dicho producto.<\/p>\n\n\n\n<p><strong>Limpieza:<\/strong> Acci\u00f3n de eliminar la suciedad en superficies y materiales, con el uso de productos qu\u00edmicos como detergentes, l\u00edquidos limpiadores, etc.<\/p>\n\n\n\n<p><strong>Mascarilla quir\u00fargica:<\/strong> elemento de protecci\u00f3n personal para la v\u00eda respiratoria que ayuda a bloquear las gotitas m\u00e1s grandes de part\u00edculas, derrames, aerosoles o salpicaduras, que podr\u00edan contener microbios, virus y bacterias, para que no lleguen a la nariz o la boca.<\/p>\n","protected":false},"excerpt":{"rendered":"<p>Introducci\u00f3n El Plan de Bioseguridad del Colegio Bol\u00edvar se elabor\u00f3 utilizando la normatividad vigente emitida por el Ministerio de Salud y Protecci\u00f3n Social, Ministerio de Educaci\u00f3n y el gobierno local. Adem\u00e1s, se tuvo en cuenta la informaci\u00f3n del Centro para el Control de Enfermedades (CDC en Estados Unidos, la Organizaci\u00f3n de las Naciones Unidas para [&hellip;]<\/p>\n","protected":false},"author":2,"featured_media":0,"parent":0,"menu_order":0,"comment_status":"closed","ping_status":"closed","template":"","meta":{"footnotes":""},"class_list":["post-17","page","type-page","status-publish","hentry"],"_links":{"self":[{"href":"https:\/\/www.colegiobolivar.edu.co\/biosecurityplan\/wp-json\/wp\/v2\/pages\/17","targetHints":{"allow":["GET"]}}],"collection":[{"href":"https:\/\/www.colegiobolivar.edu.co\/biosecurityplan\/wp-json\/wp\/v2\/pages"}],"about":[{"href":"https:\/\/www.colegiobolivar.edu.co\/biosecurityplan\/wp-json\/wp\/v2\/types\/page"}],"author":[{"embeddable":true,"href":"https:\/\/www.colegiobolivar.edu.co\/biosecurityplan\/wp-json\/wp\/v2\/users\/2"}],"replies":[{"embeddable":true,"href":"https:\/\/www.colegiobolivar.edu.co\/biosecurityplan\/wp-json\/wp\/v2\/comments?post=17"}],"version-history":[{"count":147,"href":"https:\/\/www.colegiobolivar.edu.co\/biosecurityplan\/wp-json\/wp\/v2\/pages\/17\/revisions"}],"predecessor-version":[{"id":1882,"href":"https:\/\/www.colegiobolivar.edu.co\/biosecurityplan\/wp-json\/wp\/v2\/pages\/17\/revisions\/1882"}],"wp:attachment":[{"href":"https:\/\/www.colegiobolivar.edu.co\/biosecurityplan\/wp-json\/wp\/v2\/media?parent=17"}],"curies":[{"name":"wp","href":"https:\/\/api.w.org\/{rel}","templated":true}]}}