{"id":670,"date":"2019-06-17T23:30:25","date_gmt":"2019-06-17T23:30:25","guid":{"rendered":"https:\/\/www.colegiobolivar.org\/garden\/?page_id=670"},"modified":"2019-06-17T23:30:25","modified_gmt":"2019-06-17T23:30:25","slug":"student-monograph-projects-year-3","status":"publish","type":"page","link":"https:\/\/www.colegiobolivar.edu.co\/garden\/es\/student-monograph-projects-year-3\/","title":{"rendered":"Proyecto Monograf\u00edas de los Estudiantes \u2013 A\u00f1o 3"},"content":{"rendered":"<p>La parte principal de los estudios acad\u00e9micos de la clase agr\u00edcola es que los estudiantes escriban una monograf\u00eda sobre una especie seleccionada de su propia elecci\u00f3n. A continuaci\u00f3n se muestra una lista de los estudiantes y sus especies seleccionadas.<\/p>\n<p>&nbsp;<\/p>\n<p>&nbsp;<\/p>\n<table>\n<tbody>\n<tr>\n<td>Nombre de estudiante<\/td>\n<td>Nombre de espcie<\/td>\n<td>Nombre comun<\/td>\n<td>Archivo PDF<\/td>\n<\/tr>\n<tr>\n<td>\u00a0JAVIER ALEJANDRO COVARRUBIAS<\/td>\n<td>\u00a0<em>Musa \u00d7 paradisiaca\u00a0<\/em><\/td>\n<td>\u00a0Banano<\/td>\n<td>\u00a0<a href=\"https:\/\/www.colegiobolivar.edu.co\/garden\/wp-content\/uploads\/2019\/06\/A-Javier-Covarrubius-MONOGRAPH-AGRICULTURE-1.pdf\">A Javier Covarrubius MONOGRAPH &#8211; AGRICULTURE (1)<\/a><\/td>\n<\/tr>\n<tr>\n<td>\u00a0PABLO FLOREZ<\/td>\n<td>\u00a0<i>Saccharum officinarum <\/i>L.<\/td>\n<td>\u00a0Ca\u00f1a<\/td>\n<td>\u00a0\u00a0<a href=\"https:\/\/www.colegiobolivar.edu.co\/garden\/wp-content\/uploads\/2019\/06\/B-Pablo-Florez-Saccharum-officinarum.pdf\">B Pablo Florez Saccharum officinarum<\/a><\/td>\n<\/tr>\n<tr>\n<td>\u00a0JUAN JOSE GOMEZ<\/td>\n<td>\u00a0<em>Camellia sinensis <\/em>L.<\/td>\n<td>\u00a0T\u00e9<\/td>\n<td>\u00a0<a href=\"https:\/\/www.colegiobolivar.edu.co\/garden\/wp-content\/uploads\/2019\/06\/C-Juan-Jose\u0301-Go\u0301mez-Tea-Camellia-Sinensis-1.pdf\">C Juan Jose\u0301 Go\u0301mez &#8211; Tea &#8211; Camellia Sinensis (1)<\/a><\/td>\n<\/tr>\n<tr>\n<td>\u00a0\u00a0ALEJANDRA GUASTO<\/td>\n<td>\u00a0<i>Arthrospira platensis<\/i><\/td>\n<td>\u00a0Spirulina<\/td>\n<td>\u00a0<a href=\"https:\/\/www.colegiobolivar.edu.co\/garden\/wp-content\/uploads\/2019\/06\/Alejandra-Guasto-Arthrospira-Platensis.pdf\">Alejandra Guasto &#8211; Arthrospira Platensis<\/a><\/td>\n<\/tr>\n<tr>\n<td>\u00a0FELIPE OLANO<\/td>\n<td>\u00a0<em>Elaeis guineensis <\/em>(Jacq.)<\/td>\n<td>\u00a0Palma de aceite<\/td>\n<td>\u00a0\u00a0<a href=\"https:\/\/www.colegiobolivar.edu.co\/garden\/wp-content\/uploads\/2019\/06\/Final-F-Felipe-Olano-Elaeis-guineensis-.pdf\">Final F Felipe Olano- Elaeis guineensis<\/a><\/td>\n<\/tr>\n<tr>\n<td>\u00a0NICOLAS URIBE<\/td>\n<td>\u00a0\u00a0<i>Citrus reticulata<\/i> Blanco<\/td>\n<td>\u00a0Mandarina<\/td>\n<td>\u00a0<a href=\"https:\/\/www.colegiobolivar.edu.co\/garden\/wp-content\/uploads\/2019\/06\/G-Nicolas-Uribe-Citrus-reticulata-2.pdf\">G Nicolas Uribe Citrus reticulata (2)<\/a><\/td>\n<\/tr>\n<tr>\n<td>\u00a0MARIANA ZORNOSA<\/td>\n<td>\u00a0<i>Cocos nucifera <\/i>L.<\/td>\n<td>\u00a0Coco<\/td>\n<td>\u00a0\u00a0<a href=\"https:\/\/www.colegiobolivar.edu.co\/garden\/wp-content\/uploads\/2019\/06\/I-Mariana-Zornosa-cocos-nucifera-1.pdf\">I Mariana Zornosa- cocos nucifera (1)<\/a><\/td>\n<\/tr>\n<tr>\n<td><\/td>\n<td><\/td>\n<td><\/td>\n<td><\/td>\n<\/tr>\n<tr>\n<td><\/td>\n<td><\/td>\n<td><\/td>\n<td><\/td>\n<\/tr>\n<\/tbody>\n<\/table>\n<p>&nbsp;<\/p>","protected":false},"excerpt":{"rendered":"<p>La parte principal de los estudios acad\u00e9micos de la clase agr\u00edcola es que los estudiantes escriban una monograf\u00eda sobre una especie seleccionada de su propia elecci\u00f3n. A continuaci\u00f3n se muestra una lista de los estudiantes y sus especies seleccionadas. &nbsp; &nbsp; Nombre de estudiante Nombre de espcie Nombre comun Archivo PDF \u00a0JAVIER ALEJANDRO COVARRUBIAS \u00a0Musa [&hellip;]<\/p>\n","protected":false},"author":2,"featured_media":0,"parent":0,"menu_order":0,"comment_status":"closed","ping_status":"closed","template":"","meta":{"footnotes":""},"class_list":["post-670","page","type-page","status-publish","hentry"],"_links":{"self":[{"href":"https:\/\/www.colegiobolivar.edu.co\/garden\/es\/wp-json\/wp\/v2\/pages\/670","targetHints":{"allow":["GET"]}}],"collection":[{"href":"https:\/\/www.colegiobolivar.edu.co\/garden\/es\/wp-json\/wp\/v2\/pages"}],"about":[{"href":"https:\/\/www.colegiobolivar.edu.co\/garden\/es\/wp-json\/wp\/v2\/types\/page"}],"author":[{"embeddable":true,"href":"https:\/\/www.colegiobolivar.edu.co\/garden\/es\/wp-json\/wp\/v2\/users\/2"}],"replies":[{"embeddable":true,"href":"https:\/\/www.colegiobolivar.edu.co\/garden\/es\/wp-json\/wp\/v2\/comments?post=670"}],"version-history":[{"count":3,"href":"https:\/\/www.colegiobolivar.edu.co\/garden\/es\/wp-json\/wp\/v2\/pages\/670\/revisions"}],"predecessor-version":[{"id":709,"href":"https:\/\/www.colegiobolivar.edu.co\/garden\/es\/wp-json\/wp\/v2\/pages\/670\/revisions\/709"}],"wp:attachment":[{"href":"https:\/\/www.colegiobolivar.edu.co\/garden\/es\/wp-json\/wp\/v2\/media?parent=670"}],"curies":[{"name":"wp","href":"https:\/\/api.w.org\/{rel}","templated":true}]}}