{"id":40598,"date":"2026-04-14T15:50:07","date_gmt":"2026-04-14T20:50:07","guid":{"rendered":"https:\/\/www.colegiobolivar.edu.co\/garden2025\/proyecto-monografias-de-los-estudiantes-ano-6\/"},"modified":"2026-01-13T15:51:21","modified_gmt":"2026-01-13T20:51:21","slug":"proyecto-monografias-de-los-estudiantes-ano-6","status":"publish","type":"page","link":"https:\/\/www.colegiobolivar.edu.co\/garden2025\/es\/proyecto-monografias-de-los-estudiantes-ano-6\/","title":{"rendered":"Proyecto Monograf\u00edas de los Estudiantes &#8211; A\u00f1o 6"},"content":{"rendered":"<p>La parte principal de los estudios acad\u00e9micos de la clase agr\u00edcola es que los estudiantes escriban una monograf\u00eda sobre una especie seleccionada de su propia elecci\u00f3n. A continuaci\u00f3n se muestra una lista de los estudiantes y sus especies seleccionadas, este a\u00f1o.<\/p>\n<table style=\"height: 425px;\" width=\"804\">\n<tbody>\n<tr>\n<td>Nombre de estudiante<\/td>\n<td>Nombre de especie<\/td>\n<td>El nombre comun<\/td>\n<td>Archiv PDF<\/td>\n<\/tr>\n<tr>\n<td>Emma Arisitizabal<\/td>\n<td><em>\u00a0Apis mellifera<\/em>\u00a0L.<\/td>\n<td>\u00a0Western Honey Bee<\/td>\n<td><a href=\"https:\/\/www.colegiobolivar.edu.co\/garden\/wp-content\/uploads\/2022\/10\/Emma-Aristizabal-Apis-mellifera.pdf\">Emma Aristizabal Apis mellifera<\/a><\/td>\n<\/tr>\n<tr>\n<td>\u00a0Karime Assis<\/td>\n<td>\u00a0<em>Vitis vinifera<\/em> L.<\/td>\n<td>\u00a0Grape<\/td>\n<td>\u00a0<a href=\"https:\/\/www.colegiobolivar.edu.co\/garden\/wp-content\/uploads\/2022\/10\/Karime-Assis-Vitis-vinifera.pdf\">Karime Assis Vitis vinifera<\/a><\/td>\n<\/tr>\n<tr>\n<td>\u00a0Tomas B\u00f6hmer<\/td>\n<td>\u00a0<em>Cucurbita pepo<\/em> L.<\/td>\n<td>\u00a0Zucchini<\/td>\n<td>\u00a0<a href=\"https:\/\/www.colegiobolivar.edu.co\/garden\/wp-content\/uploads\/2022\/10\/Tom\u00e1s-B\u00f6hmer-Zucchini.pdf\">Tom\u00e1s B\u00f6hmer Zucchini<\/a><\/td>\n<\/tr>\n<tr>\n<td>\u00a0Alejandra Camacho<\/td>\n<td>\u00a0<em>Paullinia cupana<\/em> Kunth<\/td>\n<td>\u00a0Guarana<\/td>\n<td>\u00a0<a href=\"https:\/\/www.colegiobolivar.edu.co\/garden\/wp-content\/uploads\/2022\/10\/4.-Alejandra-Camacho-Guarana.pdf\">Alejandra Camacho Guarana<\/a><\/td>\n<\/tr>\n<tr>\n<td>\u00a0Maria Antonia Cardona<\/td>\n<td>\u00a0<em>Passiflora edulis<\/em> Sims.<\/td>\n<td>\u00a0Passion Fruit<\/td>\n<td>\u00a0<a href=\"https:\/\/www.colegiobolivar.edu.co\/garden\/wp-content\/uploads\/2022\/10\/Passiflora-edulis-Sims-Maria-Antonia-Cardona.pdf\">Passiflora edulis Sims Maria Antonia Cardona<\/a><\/td>\n<\/tr>\n<tr>\n<td>\u00a0Lucia Correa<\/td>\n<td>\u00a0<em>Prunus dulcis<\/em> L.<\/td>\n<td>\u00a0Almond<\/td>\n<td>\u00a0<a href=\"https:\/\/www.colegiobolivar.edu.co\/garden\/wp-content\/uploads\/2022\/10\/Lucia-Correa-Prunus-dulcis-comp.pdf\">Lucia Correa Prunus dulcis comp<\/a><\/td>\n<\/tr>\n<tr>\n<td>\u00a0Gabriela de Oliveira<\/td>\n<td>\u00a0<em>Meliponas sp<\/em>.<\/td>\n<td>\u00a0Stingless bees<\/td>\n<td>\u00a0<a href=\"https:\/\/www.colegiobolivar.edu.co\/garden\/wp-content\/uploads\/2022\/10\/Gabriela-de-Oliverira-Melliopini-sp.pdf\">Gabriela de Oliverira Melliopini sp<\/a><\/td>\n<\/tr>\n<tr>\n<td>\u00a0Cristobal Fernandez<\/td>\n<td>\u00a0<em>Papaver somniferum<\/em> L.<\/td>\n<td>\u00a0Opium poppy<\/td>\n<td>\u00a0<a href=\"https:\/\/www.colegiobolivar.edu.co\/garden\/wp-content\/uploads\/2022\/10\/Cristobal-Fernandez-Poppy.pdf\">Cristobal Fernandez Poppy<\/a><\/td>\n<\/tr>\n<tr>\n<td>\u00a0Alejandro Forrero<\/td>\n<td>\u00a0<em>Annona muricata<\/em> L.<\/td>\n<td>\u00a0Soursop<\/td>\n<td>\u00a0<a href=\"https:\/\/www.colegiobolivar.edu.co\/garden\/wp-content\/uploads\/2022\/10\/Alejandro-Forero-Annona-muricata.pdf\">Alejandro Forero Annona muricata<\/a><\/td>\n<\/tr>\n<tr>\n<td>\u00a0Maria Alejandra Garcia<\/td>\n<td>\u00a0<em>Allium cepa<\/em> L.<\/td>\n<td>\u00a0Onion<\/td>\n<td>\u00a0<a href=\"https:\/\/www.colegiobolivar.edu.co\/garden\/wp-content\/uploads\/2022\/10\/Onion-Monograph.pdf\">Onion Monograph<\/a><\/td>\n<\/tr>\n<tr>\n<td>\u00a0Daniel Alejandro Gomez<\/td>\n<td>\u00a0<em>Solanum quitoense<\/em> Lam.<\/td>\n<td>\u00a0Lulo<\/td>\n<td>\u00a0<a href=\"https:\/\/www.colegiobolivar.edu.co\/garden\/wp-content\/uploads\/2022\/10\/Daniel-Gomez-Lulo.pdf\">Daniel Gomez Lulo<\/a><\/td>\n<\/tr>\n<tr>\n<td>\u00a0Tomas Jaramillo<\/td>\n<td>\u00a0<em>Zingiber officinale<\/em> L.<\/td>\n<td>\u00a0Ginger<\/td>\n<td>\u00a0<a href=\"https:\/\/www.colegiobolivar.edu.co\/garden\/wp-content\/uploads\/2022\/10\/Zingiber-officinale-monograph-Tomas-Jaramillo.pdf\">Zingiber officinale<\/a><\/td>\n<\/tr>\n<tr>\n<td>\u00a0Sofia Leon<\/td>\n<td>\u00a0<em>Triticum<\/em> spp.<\/td>\n<td>\u00a0Wheat<\/td>\n<td>\u00a0<a href=\"https:\/\/www.colegiobolivar.edu.co\/garden\/wp-content\/uploads\/2022\/10\/Sofia-Leon-Agric-Wheat.pdf\">Sofia Leon Agric Wheat<\/a><\/td>\n<\/tr>\n<tr>\n<td>\u00a0Daniel Lowernstern<\/td>\n<td>\u00a0<em>Agaricus bisporus <\/em>Imbach (Lange)<\/td>\n<td>\u00a0Common mushroom<\/td>\n<td>\u00a0<a href=\"https:\/\/www.colegiobolivar.edu.co\/garden\/wp-content\/uploads\/2022\/10\/Daniel-Loewenstern-Mushroom.pdf\">Daniel Loewenstern Mushroom<\/a><\/td>\n<\/tr>\n<tr>\n<td>\u00a0Antonio Robles<\/td>\n<td>\u00a0<em>Oryza sativa<\/em> L.<\/td>\n<td>\u00a0Rice<\/td>\n<td>\u00a0<a href=\"https:\/\/www.colegiobolivar.edu.co\/garden\/wp-content\/uploads\/2022\/10\/Antonio-Robles-Oryza.pdf\">Antonio Robles Oryza<\/a><\/td>\n<\/tr>\n<tr>\n<td>\u00a0Esteban Velasquez<\/td>\n<td>\u00a0<em>Inga edulis<\/em> Mart.<\/td>\n<td>\u00a0Ice cream bean plant \/ guama<\/td>\n<td>\u00a0<a href=\"https:\/\/www.colegiobolivar.edu.co\/garden\/wp-content\/uploads\/2022\/10\/Esteban-Velasquez-Inga-edulis.pdf\">Esteban Velasquez Inga edulis<\/a><\/td>\n<\/tr>\n<tr>\n<td>Esteban Villegas<\/td>\n<td><em>Capsicum annuum<\/em> L.<\/td>\n<td>Jalape\u00f1o<\/td>\n<td><a href=\"https:\/\/www.colegiobolivar.edu.co\/garden\/wp-content\/uploads\/2022\/10\/Esteban-Villegas-Capsicum.pdf\">Esteban Villegas Capsicum<\/a><\/td>\n<\/tr>\n<tr>\n<td>Antonia Zuluaga<\/td>\n<td><em>Bambusa<\/em> sp.<\/td>\n<td>Bamboo<\/td>\n<td><a href=\"https:\/\/www.colegiobolivar.edu.co\/garden\/wp-content\/uploads\/2022\/10\/Antonia-Zuluaga-Bamboo.pdf\">Antonia Zuluaga Bamboo<\/a><\/td>\n<\/tr>\n<\/tbody>\n<\/table>\n<p>&nbsp;<\/p>\n","protected":false},"excerpt":{"rendered":"<p>La parte principal de los estudios acad\u00e9micos de la clase agr\u00edcola es que los estudiantes escriban una monograf\u00eda sobre una especie seleccionada de su propia elecci\u00f3n. A continuaci\u00f3n se muestra una lista de los estudiantes y sus especies seleccionadas, este a\u00f1o. Nombre de estudiante Nombre de especie El nombre comun Archiv PDF Emma Arisitizabal \u00a0Apis [&hellip;]<\/p>\n","protected":false},"author":1,"featured_media":0,"parent":0,"menu_order":0,"comment_status":"closed","ping_status":"closed","template":"","meta":{"zakra_sidebar_layout":"customizer","zakra_remove_content_margin":false,"zakra_sidebar":"customizer","zakra_transparent_header":"customizer","zakra_logo":0,"zakra_main_header_style":"default","zakra_menu_item_color":"","zakra_menu_item_hover_color":"","zakra_menu_item_active_color":"","zakra_menu_active_style":"","zakra_page_header":true,"footnotes":""},"class_list":["post-40598","page","type-page","status-publish","hentry"],"rttpg_featured_image_url":null,"rttpg_author":{"display_name":"webmaster","author_link":"https:\/\/www.colegiobolivar.edu.co\/garden2025\/author\/webmaster\/"},"rttpg_comment":0,"rttpg_category":" <a href=\"https:\/\/www.colegiobolivar.edu.co\/garden2025\/es\/\" rel=\"tag\">Espa\u00f1ol<\/a>","rttpg_excerpt":"La parte principal de los estudios acad\u00e9micos de la clase agr\u00edcola es que los estudiantes escriban una monograf\u00eda sobre una especie seleccionada de su propia elecci\u00f3n. A continuaci\u00f3n se muestra una lista de los estudiantes y sus especies seleccionadas, este a\u00f1o. Nombre de estudiante Nombre de especie El nombre comun Archiv PDF Emma Arisitizabal \u00a0Apis&hellip;","_links":{"self":[{"href":"https:\/\/www.colegiobolivar.edu.co\/garden2025\/wp-json\/wp\/v2\/pages\/40598","targetHints":{"allow":["GET"]}}],"collection":[{"href":"https:\/\/www.colegiobolivar.edu.co\/garden2025\/wp-json\/wp\/v2\/pages"}],"about":[{"href":"https:\/\/www.colegiobolivar.edu.co\/garden2025\/wp-json\/wp\/v2\/types\/page"}],"author":[{"embeddable":true,"href":"https:\/\/www.colegiobolivar.edu.co\/garden2025\/wp-json\/wp\/v2\/users\/1"}],"replies":[{"embeddable":true,"href":"https:\/\/www.colegiobolivar.edu.co\/garden2025\/wp-json\/wp\/v2\/comments?post=40598"}],"version-history":[{"count":0,"href":"https:\/\/www.colegiobolivar.edu.co\/garden2025\/wp-json\/wp\/v2\/pages\/40598\/revisions"}],"wp:attachment":[{"href":"https:\/\/www.colegiobolivar.edu.co\/garden2025\/wp-json\/wp\/v2\/media?parent=40598"}],"curies":[{"name":"wp","href":"https:\/\/api.w.org\/{rel}","templated":true}]}}