{"id":40600,"date":"2026-01-13T15:51:21","date_gmt":"2026-01-13T20:51:21","guid":{"rendered":"https:\/\/www.colegiobolivar.edu.co\/garden2025\/proyecto-monografias-de-los-estudiantes-ano-4\/"},"modified":"2026-01-13T15:51:21","modified_gmt":"2026-01-13T20:51:21","slug":"proyecto-monografias-de-los-estudiantes-ano-4","status":"publish","type":"page","link":"https:\/\/www.colegiobolivar.edu.co\/garden2025\/es\/proyecto-monografias-de-los-estudiantes-ano-4\/","title":{"rendered":"Proyecto Monograf\u00edas de los Estudiantes &#8211; A\u00f1o 4"},"content":{"rendered":"<p>La parte principal de los estudios acad\u00e9micos de la clase agr\u00edcola es que los estudiantes escriban una monograf\u00eda sobre una especie seleccionada de su propia elecci\u00f3n. A continuaci\u00f3n se muestra una lista de los estudiantes y sus especies seleccionadas, este a\u00f1o.<\/p>\n<p>&nbsp;<\/p>\n<table width=\"729\">\n<tbody>\n<tr>\n<td>Primer autor<\/td>\n<td>Segundo autor<\/td>\n<td>Especies seleccionadas<\/td>\n<td>Nombre comun<\/td>\n<td>Archivo<\/td>\n<\/tr>\n<tr>\n<td>Marius Jose Blasco<\/td>\n<td>Alejandra Guasto<\/td>\n<td><em>Actinidia chinensis<\/em><\/td>\n<td>\u00a0Kiwi fruit<\/td>\n<td><a href=\"https:\/\/www.colegiobolivar.edu.co\/garden\/wp-content\/uploads\/2019\/10\/A-Marius-Blasco-Actinidia-deliciosa-2.0.pdf\">A Marius Blasco Actinidia deliciosa 2.0<\/a><\/td>\n<\/tr>\n<tr>\n<td>\u00a0Felipe Botero<\/td>\n<td>Alejandra Guasto<\/td>\n<td><em>Mangifera indica<\/em><\/td>\n<td>\u00a0Mango<\/td>\n<td>\u00a0<a href=\"https:\/\/www.colegiobolivar.edu.co\/garden\/wp-content\/uploads\/2019\/10\/B-Felipe-Botero-Mangifera-indica.pdf\">_B Felipe Botero, Mangifera indica<\/a><\/td>\n<\/tr>\n<tr>\n<td>\u00a0Martin Bueno<\/td>\n<td>Juan Jose Gomez<\/td>\n<td><em>Cannabis sativa<\/em><\/td>\n<td>\u00a0Hemp<\/td>\n<td><a href=\"https:\/\/www.colegiobolivar.edu.co\/garden\/wp-content\/uploads\/2019\/10\/C-Martin-Bueno-D.-Cannabis-Cannabis-Sativa-L.-1.pdf\">C Martin Bueno D. &#8211; Cannabis &#8211; Cannabis Sativa L. (1)<\/a><\/td>\n<\/tr>\n<tr>\n<td>\u00a0Mariana Gonzalez<\/td>\n<td>Javier Covarrubias<\/td>\n<td><em>Phaseolus vulgaris<\/em><\/td>\n<td>\u00a0Beans<\/td>\n<td><a href=\"https:\/\/www.colegiobolivar.edu.co\/garden\/wp-content\/uploads\/2019\/10\/D-Mariana-Gonzalez-Phaseolus-vulgaris-Pinto-Group.pdf\">D Mariana Gonzalez &#8211; Phaseolus vulgaris Pinto Group<\/a><\/td>\n<\/tr>\n<tr>\n<td>\u00a0Maria Montoya<\/td>\n<td>Juan Jose Gomez<\/td>\n<td><em>Erythroxylum coca<\/em><\/td>\n<td>\u00a0Coca plant<\/td>\n<td><a href=\"https:\/\/www.colegiobolivar.edu.co\/garden\/wp-content\/uploads\/2019\/10\/E.-Mar\u00eda-Montoya-Coca-Erythroxylum-Coca-Lam.pdf\">E. Mar\u00eda Montoya &#8211; Coca &#8211; Erythroxylum Coca Lam<\/a><\/td>\n<\/tr>\n<tr>\n<td>\u00a0Manuela Ramirez<\/td>\n<td>Javier Covarrubias<\/td>\n<td><em>Fragaria vesca<\/em><\/td>\n<td>\u00a0Wild strawberry<\/td>\n<td><a href=\"https:\/\/www.colegiobolivar.edu.co\/garden\/wp-content\/uploads\/2019\/10\/M-Ramirez-Fragaria-vesca.pdf\">M Ramirez Fragaria vesca<\/a><\/td>\n<\/tr>\n<\/tbody>\n<\/table>\n","protected":false},"excerpt":{"rendered":"<p>La parte principal de los estudios acad\u00e9micos de la clase agr\u00edcola es que los estudiantes escriban una monograf\u00eda sobre una especie seleccionada de su propia elecci\u00f3n. A continuaci\u00f3n se muestra una lista de los estudiantes y sus especies seleccionadas, este a\u00f1o. &nbsp; Primer autor Segundo autor Especies seleccionadas Nombre comun Archivo Marius Jose Blasco Alejandra [&hellip;]<\/p>\n","protected":false},"author":1,"featured_media":0,"parent":0,"menu_order":0,"comment_status":"closed","ping_status":"closed","template":"","meta":{"zakra_sidebar_layout":"customizer","zakra_remove_content_margin":false,"zakra_sidebar":"customizer","zakra_transparent_header":"customizer","zakra_logo":0,"zakra_main_header_style":"default","zakra_menu_item_color":"","zakra_menu_item_hover_color":"","zakra_menu_item_active_color":"","zakra_menu_active_style":"","zakra_page_header":true,"footnotes":""},"class_list":["post-40600","page","type-page","status-publish","hentry"],"rttpg_featured_image_url":null,"rttpg_author":{"display_name":"webmaster","author_link":"https:\/\/www.colegiobolivar.edu.co\/garden2025\/author\/webmaster\/"},"rttpg_comment":0,"rttpg_category":" <a href=\"https:\/\/www.colegiobolivar.edu.co\/garden2025\/es\/\" rel=\"tag\">Espa\u00f1ol<\/a>","rttpg_excerpt":"La parte principal de los estudios acad\u00e9micos de la clase agr\u00edcola es que los estudiantes escriban una monograf\u00eda sobre una especie seleccionada de su propia elecci\u00f3n. A continuaci\u00f3n se muestra una lista de los estudiantes y sus especies seleccionadas, este a\u00f1o. &nbsp; Primer autor Segundo autor Especies seleccionadas Nombre comun Archivo Marius Jose Blasco Alejandra&hellip;","_links":{"self":[{"href":"https:\/\/www.colegiobolivar.edu.co\/garden2025\/wp-json\/wp\/v2\/pages\/40600","targetHints":{"allow":["GET"]}}],"collection":[{"href":"https:\/\/www.colegiobolivar.edu.co\/garden2025\/wp-json\/wp\/v2\/pages"}],"about":[{"href":"https:\/\/www.colegiobolivar.edu.co\/garden2025\/wp-json\/wp\/v2\/types\/page"}],"author":[{"embeddable":true,"href":"https:\/\/www.colegiobolivar.edu.co\/garden2025\/wp-json\/wp\/v2\/users\/1"}],"replies":[{"embeddable":true,"href":"https:\/\/www.colegiobolivar.edu.co\/garden2025\/wp-json\/wp\/v2\/comments?post=40600"}],"version-history":[{"count":0,"href":"https:\/\/www.colegiobolivar.edu.co\/garden2025\/wp-json\/wp\/v2\/pages\/40600\/revisions"}],"wp:attachment":[{"href":"https:\/\/www.colegiobolivar.edu.co\/garden2025\/wp-json\/wp\/v2\/media?parent=40600"}],"curies":[{"name":"wp","href":"https:\/\/api.w.org\/{rel}","templated":true}]}}