{"id":40606,"date":"2026-01-13T15:51:21","date_gmt":"2026-01-13T20:51:21","guid":{"rendered":"https:\/\/www.colegiobolivar.edu.co\/garden2025\/proyecto-monografias-de-los-estudiantes-ano-1\/"},"modified":"2026-01-13T15:51:21","modified_gmt":"2026-01-13T20:51:21","slug":"proyecto-monografias-de-los-estudiantes-ano-1","status":"publish","type":"page","link":"https:\/\/www.colegiobolivar.edu.co\/garden2025\/es\/proyecto-monografias-de-los-estudiantes-ano-1\/","title":{"rendered":"Proyecto Monograf\u00edas de los Estudiantes &#8211; A\u00f1o 1"},"content":{"rendered":"<p>La parte principal de los estudios acad\u00e9micos de la clase agr\u00edcola es que los estudiantes escriban una monograf\u00eda sobre una especie seleccionada de su propia elecci\u00f3n. A continuaci\u00f3n se muestra una lista de los estudiantes y sus especies seleccionadas.<\/p>\n<table style=\"height: 1399px;\" width=\"716\">\n<tbody>\n<tr>\n<td width=\"243\">Nombre del estudiante<\/td>\n<td width=\"170\">Nombre de la especie<\/td>\n<td width=\"142\">El nombre comun<\/td>\n<td>Archivo PDF<\/td>\n<\/tr>\n<tr>\n<td width=\"243\">\n<p>JUAN DAVID ARISTIZABAL SILVA<\/p>\n<p>Senior Project<\/td>\n<td width=\"170\"><em>Ovis aries<\/em><\/td>\n<td width=\"142\">Oveja<\/td>\n<td>\n<p><a href=\"https:\/\/www.colegiobolivar.edu.co\/garden\/wp-content\/uploads\/2017\/06\/JDAristizabal-Ovis-aries-2017.pdf\">JDAristizabal Ovis aries 2017<\/a><\/p>\n<p><a href=\"https:\/\/www.colegiobolivar.edu.co\/garden\/wp-content\/uploads\/2016\/12\/JDAristizabal-Ovis-aries-senior-project-2017.pdf\">JDAristizabal Ovis aries senior project 2017<\/a><\/td>\n<\/tr>\n<tr>\n<td width=\"243\">MANUELA AVILLA RODRIGUEZ<\/td>\n<td width=\"170\"><em>Solanum tuberosum<\/em><\/td>\n<td width=\"142\">Papa<\/td>\n<td><a href=\"https:\/\/www.colegiobolivar.edu.co\/garden\/wp-content\/uploads\/2017\/06\/MAvila-Solanum-tuberosum-2017.pdf\">MAvila Solanum tuberosum 2017<\/a><\/td>\n<\/tr>\n<tr>\n<td width=\"243\">ANDRES FELIPE BELTRAN HISSAMI<\/td>\n<td width=\"170\"><em>Averrhoa carambola<\/em><em>\u00a0<\/em><\/td>\n<td width=\"142\">Carambola<\/td>\n<td><a href=\"https:\/\/www.colegiobolivar.edu.co\/garden\/wp-content\/uploads\/2017\/06\/AFBeltran-Averrhoa-carambola-2017.pdf\">AFBeltran Averrhoa carambola<\/a><\/td>\n<\/tr>\n<tr>\n<td width=\"243\">NICK BLESKE<\/td>\n<td width=\"170\"><em>Ipomoea batatas<\/em><\/td>\n<td width=\"142\">Patata<\/td>\n<td><a href=\"https:\/\/www.colegiobolivar.edu.co\/garden\/wp-content\/uploads\/2017\/06\/NBleske-Ipomoea-batatas-2017.pdf\">NBleske Ipomoea batatas 2017<\/a><\/td>\n<\/tr>\n<tr>\n<td width=\"243\">CATALINA CASASBUENAS LOZANO<\/td>\n<td width=\"170\"><em>Coffea arabica<\/em><\/td>\n<td width=\"142\">Cafe<\/td>\n<td><a href=\"https:\/\/www.colegiobolivar.edu.co\/garden\/wp-content\/uploads\/2017\/06\/CCasabuenas-Coffea-arabica-2017.pdf\">CCasabuenas Coffea arabica 2017<\/a><\/td>\n<\/tr>\n<tr>\n<td width=\"243\">ISABELLA CASTELLANOS REBOLLEDO<\/td>\n<td width=\"170\"><em>Persea americana<\/em><\/td>\n<td width=\"142\">Aguacate<\/td>\n<td><a href=\"https:\/\/www.colegiobolivar.edu.co\/garden\/wp-content\/uploads\/2017\/06\/Icastallanos-Persea-Americana-2017.pdf\">Icastallanos Persea Americana 2017<\/a><\/td>\n<\/tr>\n<tr>\n<td width=\"243\">JUANA CASTRO VARGAS<\/td>\n<td width=\"170\"><em>Aloe vera<\/em><\/td>\n<td width=\"142\">Sabila<\/td>\n<td><a href=\"https:\/\/www.colegiobolivar.edu.co\/garden\/wp-content\/uploads\/2017\/06\/JCastro-Aloe-barbaensis-2017.pdf\">JCastro Aloe barbaensis 2017<\/a><\/td>\n<\/tr>\n<tr>\n<td width=\"243\">CHRISTIAN\u00a0 FARAH JIM\u00c9NEZ<\/td>\n<td width=\"170\"><em>Musa sp.<\/em><\/td>\n<td width=\"142\">Platanos-bananos<\/td>\n<td><a href=\"https:\/\/www.colegiobolivar.edu.co\/garden\/wp-content\/uploads\/2017\/06\/CFarah-Musa-acuminata-2017.pdf\">CFarah Musa acuminata 2017<\/a><\/td>\n<\/tr>\n<tr>\n<td width=\"243\">JUAN CAMILO GIRALDO SERNA<\/td>\n<td width=\"170\"><em>Mentha spicata<\/em><\/td>\n<td width=\"142\">Menta<\/td>\n<td><a href=\"https:\/\/www.colegiobolivar.edu.co\/garden\/wp-content\/uploads\/2017\/06\/JCGiraldo-Mentha-x-piperita-2017.pdf\">JCGiraldo Mentha x piperita 2017<\/a><\/td>\n<\/tr>\n<tr>\n<td width=\"243\">MARTIN MOLLER MONSALVE<\/td>\n<td width=\"170\"><em>Manihot esculenta\u00a0<\/em><\/td>\n<td width=\"142\">Yuca<\/td>\n<td><a href=\"https:\/\/www.colegiobolivar.edu.co\/garden\/wp-content\/uploads\/2017\/06\/MMoller-Manihot-esculenta-2017.pdf\">MMoller Manihot esculenta 2017<\/a><\/td>\n<\/tr>\n<tr>\n<td width=\"243\">NICHOLAS NASSER<\/td>\n<td width=\"170\"><em>Beta vulgaris<\/em><\/td>\n<td width=\"142\">Remolacha<\/td>\n<td><a href=\"https:\/\/www.colegiobolivar.edu.co\/garden\/wp-content\/uploads\/2017\/06\/NNasser-Beta-vulgaris-2017.pdf\">NNasser Beta vulgaris 2017<\/a><\/td>\n<\/tr>\n<tr>\n<td width=\"243\">FEDERIKA ORTIZ CASTRO<\/td>\n<td width=\"170\"><em>Theobroma cacoa<\/em><\/td>\n<td width=\"142\">Cacao<\/td>\n<td><a href=\"https:\/\/www.colegiobolivar.edu.co\/garden\/wp-content\/uploads\/2017\/06\/FOrtiz-Theobroma-cacao-2017.pdf\">FOrtiz Theobroma cacao 2017<\/a><\/td>\n<\/tr>\n<tr>\n<td width=\"243\">LAURA PABON CARRILLO<\/td>\n<td width=\"170\"><em>Saccharum officinarum<\/em><\/td>\n<td width=\"142\">Ca\u00f1a<\/td>\n<td><a href=\"https:\/\/www.colegiobolivar.edu.co\/garden\/wp-content\/uploads\/2017\/06\/LPabon-Saccharum-officinarum-2017.pdf\">LPabon Saccharum officinarum 2017<\/a><\/td>\n<\/tr>\n<tr>\n<td width=\"243\">VALENTINA PEREA MEJ\u00cdA<\/td>\n<td width=\"170\"><em>Citrus x sinensis<\/em><\/td>\n<td width=\"142\">Naranja<\/td>\n<td><a href=\"https:\/\/www.colegiobolivar.edu.co\/garden\/wp-content\/uploads\/2017\/06\/VPerea-Citrus-sinensis-2017.pdf\">VPerea Citrus sinensis 2017<\/a><\/td>\n<\/tr>\n<tr>\n<td width=\"243\">LUISA\u00a0 POSADA PATI\u00d1O<\/td>\n<td width=\"170\"><em>Solanum lycopersicum\u00a0<\/em><\/td>\n<td width=\"142\">Tomate<\/td>\n<td><a href=\"https:\/\/www.colegiobolivar.edu.co\/garden\/wp-content\/uploads\/2017\/06\/LPosada-Solanum-lycopersicum-2017.pdf\">LPosada Solanum lycopersicum 2017<\/a><\/td>\n<\/tr>\n<tr>\n<td width=\"243\">CAROLINA MAR\u00cdA ROSAS GIL<\/td>\n<td width=\"170\"><em>Ananas comosus\u00a0<\/em><\/td>\n<td width=\"142\">Pi\u00f1a<\/td>\n<td><a href=\"https:\/\/www.colegiobolivar.edu.co\/garden\/wp-content\/uploads\/2017\/06\/Crosas-Ananas-comosus-2017.pdf\">CRosas Ananas comosus 2017<\/a><\/td>\n<\/tr>\n<tr>\n<td width=\"243\">JUAN MARIO SALOM DOMINGUEZ<\/td>\n<td width=\"170\"><em>Citrus x latifolia<\/em><\/td>\n<td width=\"142\">Limon<\/td>\n<td><a href=\"https:\/\/www.colegiobolivar.edu.co\/garden\/wp-content\/uploads\/2017\/06\/JMSalom-Cxlatifolia-2017.pdf\">JMSalom Cxlatifolia 2017<\/a><\/td>\n<\/tr>\n<tr>\n<td width=\"243\">\n<p style=\"text-align: justify;\"><strong>GABRIEL VELASCO REYES<\/strong><\/p>\n<\/td>\n<td width=\"170\"><em>Zea mays<\/em><em>\u00a0<\/em><em>subsp.\u00a0Mays<\/em><\/td>\n<td width=\"142\">Maiz<\/td>\n<td><a href=\"https:\/\/www.colegiobolivar.edu.co\/garden\/wp-content\/uploads\/2017\/06\/GVelasco-Zea-mays-2017.pdf\">GVelasco Zea mays 2017<\/a><\/td>\n<\/tr>\n<\/tbody>\n<\/table>\n","protected":false},"excerpt":{"rendered":"<p>La parte principal de los estudios acad\u00e9micos de la clase agr\u00edcola es que los estudiantes escriban una monograf\u00eda sobre una especie seleccionada de su propia elecci\u00f3n. A continuaci\u00f3n se muestra una lista de los estudiantes y sus especies seleccionadas. Nombre del estudiante Nombre de la especie El nombre comun Archivo PDF JUAN DAVID ARISTIZABAL SILVA [&hellip;]<\/p>\n","protected":false},"author":1,"featured_media":0,"parent":0,"menu_order":0,"comment_status":"closed","ping_status":"closed","template":"","meta":{"zakra_sidebar_layout":"customizer","zakra_remove_content_margin":false,"zakra_sidebar":"customizer","zakra_transparent_header":"customizer","zakra_logo":0,"zakra_main_header_style":"default","zakra_menu_item_color":"","zakra_menu_item_hover_color":"","zakra_menu_item_active_color":"","zakra_menu_active_style":"","zakra_page_header":true,"footnotes":""},"class_list":["post-40606","page","type-page","status-publish","hentry"],"rttpg_featured_image_url":null,"rttpg_author":{"display_name":"webmaster","author_link":"https:\/\/www.colegiobolivar.edu.co\/garden2025\/author\/webmaster\/"},"rttpg_comment":0,"rttpg_category":" <a href=\"https:\/\/www.colegiobolivar.edu.co\/garden2025\/es\/\" rel=\"tag\">Espa\u00f1ol<\/a>","rttpg_excerpt":"La parte principal de los estudios acad\u00e9micos de la clase agr\u00edcola es que los estudiantes escriban una monograf\u00eda sobre una especie seleccionada de su propia elecci\u00f3n. A continuaci\u00f3n se muestra una lista de los estudiantes y sus especies seleccionadas. Nombre del estudiante Nombre de la especie El nombre comun Archivo PDF JUAN DAVID ARISTIZABAL SILVA&hellip;","_links":{"self":[{"href":"https:\/\/www.colegiobolivar.edu.co\/garden2025\/wp-json\/wp\/v2\/pages\/40606","targetHints":{"allow":["GET"]}}],"collection":[{"href":"https:\/\/www.colegiobolivar.edu.co\/garden2025\/wp-json\/wp\/v2\/pages"}],"about":[{"href":"https:\/\/www.colegiobolivar.edu.co\/garden2025\/wp-json\/wp\/v2\/types\/page"}],"author":[{"embeddable":true,"href":"https:\/\/www.colegiobolivar.edu.co\/garden2025\/wp-json\/wp\/v2\/users\/1"}],"replies":[{"embeddable":true,"href":"https:\/\/www.colegiobolivar.edu.co\/garden2025\/wp-json\/wp\/v2\/comments?post=40606"}],"version-history":[{"count":0,"href":"https:\/\/www.colegiobolivar.edu.co\/garden2025\/wp-json\/wp\/v2\/pages\/40606\/revisions"}],"wp:attachment":[{"href":"https:\/\/www.colegiobolivar.edu.co\/garden2025\/wp-json\/wp\/v2\/media?parent=40606"}],"curies":[{"name":"wp","href":"https:\/\/api.w.org\/{rel}","templated":true}]}}