{"id":41204,"date":"2026-04-15T12:38:33","date_gmt":"2026-04-15T17:38:33","guid":{"rendered":"https:\/\/www.colegiobolivar.edu.co\/garden2025\/?page_id=41204"},"modified":"2026-04-15T15:22:29","modified_gmt":"2026-04-15T20:22:29","slug":"proyecto-monografias-de-los-estudiantes-ano-9","status":"publish","type":"page","link":"https:\/\/www.colegiobolivar.edu.co\/garden2025\/es\/proyecto-monografias-de-los-estudiantes-ano-9\/","title":{"rendered":"Proyecto Monograf\u00edas de los Estudiantes \u2013 A\u00f1o 9"},"content":{"rendered":"\n<h2 class=\"wp-block-heading\">Proyecto Monograf\u00edas de los Estudiantes \u2013 A\u00f1o 9<\/h2>\n\n\n\n<p>La parte principal de los estudios acad\u00e9micos de la clase agr\u00edcola es que los estudiantes escriban una monograf\u00eda sobre una especie seleccionada de su propia elecci\u00f3n. A continuaci\u00f3n se muestra una lista de los estudiantes y sus especies seleccionadas.<\/p>\n\n\n\n<div class=\"wp-block-columns is-layout-flex wp-container-core-columns-is-layout-28f84493 wp-block-columns-is-layout-flex\">\n<div class=\"wp-block-column is-layout-flow wp-block-column-is-layout-flow\" style=\"flex-basis:100%\">\n<figure class=\"wp-block-table\"><table class=\"has-fixed-layout\"><tbody><tr><td>Nombre de estudiante<\/td><td>Nombre de espcie<\/td><td>Nombre comun<\/td><td>Archivo PDF<\/td><\/tr><tr><td>&nbsp;JUANITA ARBELAEZ<\/td><td>&nbsp;<em>Dendrophylax lindenii <\/em>(Lindl). Bentham ex Rolfe<em>&nbsp;<\/em><\/td><td>Orqu\u00eddea fantasma<\/td><td>&nbsp;<a href=\"https:\/\/www.colegiobolivar.edu.co\/garden2025\/wp-content\/uploads\/2026\/04\/Dendrophylax-lindenii-Monograph-.pdf\">https:\/\/www.colegiobolivar.edu.co\/garden2025\/wp-content\/uploads\/2026\/04\/Dendrophylax-lindenii-Monograph-.pdf<\/a><\/td><\/tr><tr><td>&nbsp;JORGE ASSIS<\/td><td>&nbsp;<em>Helianthus annus<\/em><\/td><td>&nbsp;Girasol<\/td><td>&nbsp;<a href=\"https:\/\/www.colegiobolivar.edu.co\/garden2025\/wp-content\/uploads\/2026\/04\/Helianthus-annus-3.pdf\">https:\/\/www.colegiobolivar.edu.co\/garden2025\/wp-content\/uploads\/2026\/04\/Helianthus-annus-3.pdf<\/a><\/td><\/tr><tr><td>&nbsp;LORENZO BARRIOS<\/td><td>&nbsp;<em>Citrus reticulata <\/em>Blanco.<\/td><td>&nbsp;Mandarina<\/td><td><\/td><\/tr><tr><td>&nbsp;FELIPE CAMACHO<\/td><td>&nbsp;<i><em>Malus domestica <\/em><\/i>(Suckow) Borkh<\/td><td>Manzana<\/td><td>&nbsp;<a href=\"https:\/\/www.colegiobolivar.edu.co\/garden2025\/wp-content\/uploads\/2026\/04\/Apple-Felipe-Camacho.pdf\">https:\/\/www.colegiobolivar.edu.co\/garden2025\/wp-content\/uploads\/2026\/04\/Apple-Felipe-Camacho.pdf<\/a><\/td><\/tr><tr><td>&nbsp;LUCIANA CHAVARRO<\/td><td>&nbsp;<em>Tamarindus indica<\/em><\/td><td>&nbsp;Tamarindus<\/td><td>&nbsp;<a href=\"https:\/\/www.colegiobolivar.edu.co\/garden2025\/wp-content\/uploads\/2026\/04\/Tamarindus-indica-Tamarindo-Chavarro.pdf\">https:\/\/www.colegiobolivar.edu.co\/garden2025\/wp-content\/uploads\/2026\/04\/Tamarindus-indica-Tamarindo-Chavarro.pdf<\/a><\/td><\/tr><tr><td>&nbsp;MARIANA CUBILLOS<\/td><td>&nbsp;&nbsp;<em>Curcubita<\/em><\/td><td>&nbsp;Auyama<\/td><td><a href=\"https:\/\/www.colegiobolivar.edu.co\/garden2025\/wp-content\/uploads\/2026\/04\/Pumpkin-Cucurbita.pdf\">https:\/\/www.colegiobolivar.edu.co\/garden2025\/wp-content\/uploads\/2026\/04\/Pumpkin-Cucurbita.pdf<\/a><\/td><\/tr><tr><td>&nbsp;PABLO GOMEZ<\/td><td>&nbsp;<em>Oleo europaea<\/em><\/td><td>&nbsp;Aceitunas<\/td><td><a href=\"https:\/\/www.colegiobolivar.edu.co\/garden2025\/wp-content\/uploads\/2026\/04\/Olive-trees-Monograph-By-Pablo-Gomez.pdf\">https:\/\/www.colegiobolivar.edu.co\/garden2025\/wp-content\/uploads\/2026\/04\/Olive-trees-Monograph-By-Pablo-Gomez.pdf<\/a><\/td><\/tr><tr><td>&nbsp;DANA ALEXANDRA LEON <\/td><td>&nbsp;<em>Tabebuia rosea <\/em>(Bertl.) Bertero ex A. DC<\/td><td>&nbsp;Guayac\u00e1n rosado<\/td><td>&nbsp;<a href=\"https:\/\/www.colegiobolivar.edu.co\/garden2025\/wp-content\/uploads\/2026\/04\/Dana-Alexandra-Tabebuia-Rosea.pdf\">https:\/\/www.colegiobolivar.edu.co\/garden2025\/wp-content\/uploads\/2026\/04\/Dana-Alexandra-Tabebuia-Rosea.pdf<\/a><\/td><\/tr><tr><td>DANIEL NARANJO<\/td><td><em>Samanea saman<\/em><\/td><td>Saman<\/td><td><a href=\"https:\/\/www.colegiobolivar.edu.co\/garden2025\/wp-content\/uploads\/2026\/04\/Monograph-Agric-Daniel-Naranjo.pdf\">https:\/\/www.colegiobolivar.edu.co\/garden2025\/wp-content\/uploads\/2026\/04\/Monograph-Agric-Daniel-Naranjo.pdf<\/a><\/td><\/tr><tr><td>MARIANA ORTIZ<\/td><td><em>Punica granatum<\/em> L<\/td><td>Granada<\/td><td><a href=\"https:\/\/www.colegiobolivar.edu.co\/garden2025\/wp-content\/uploads\/2026\/04\/Punica-granatum-L-Mariana-Ortiz.pdf\">https:\/\/www.colegiobolivar.edu.co\/garden2025\/wp-content\/uploads\/2026\/04\/Punica-granatum-L-Mariana-Ortiz.pdf<\/a><\/td><\/tr><tr><td>&nbsp;ANTONIA PLAZAS<\/td><td>&nbsp;<em>Matricaria chamomilla <\/em>L<\/td><td>&nbsp;Manzanilla<\/td><td>&nbsp;<a href=\"https:\/\/www.colegiobolivar.edu.co\/garden2025\/wp-content\/uploads\/2026\/04\/Matricaria-Chamomilla-1.pdf\">https:\/\/www.colegiobolivar.edu.co\/garden2025\/wp-content\/uploads\/2026\/04\/Matricaria-Chamomilla-1.pdf<\/a><\/td><\/tr><tr><td>ISABELLA REYES<\/td><td>Pistacia vera<\/td><td>Pistacho<\/td><td><a href=\"https:\/\/www.colegiobolivar.edu.co\/garden2025\/wp-content\/uploads\/2026\/04\/Isabella-Reyes-Forero-Pistacia-vera-Agric-2024-2025-.pdf\">https:\/\/www.colegiobolivar.edu.co\/garden2025\/wp-content\/uploads\/2026\/04\/Isabella-Reyes-Forero-Pistacia-vera-Agric-2024-2025-.pdf<\/a><\/td><\/tr><tr><td>MARIANA YUSTI<\/td><td><em>Lichii chinessis <\/em>Somm.<\/td><td>Lichi<\/td><td><a href=\"https:\/\/www.colegiobolivar.edu.co\/garden2025\/wp-content\/uploads\/2026\/04\/lychee-Monograph-Mariana-Yusti.pdf\">https:\/\/www.colegiobolivar.edu.co\/garden2025\/wp-content\/uploads\/2026\/04\/lychee-Monograph-Mariana-Yusti.pdf<\/a><\/td><\/tr><\/tbody><\/table><\/figure>\n<\/div>\n<\/div>\n","protected":false},"excerpt":{"rendered":"<p>Proyecto Monograf\u00edas de los Estudiantes \u2013 A\u00f1o 9 La parte principal de los estudios acad\u00e9micos de la clase agr\u00edcola es que los estudiantes escriban una monograf\u00eda sobre una especie seleccionada de su propia elecci\u00f3n. A continuaci\u00f3n se muestra una lista de los estudiantes y sus especies seleccionadas. Nombre de estudiante Nombre de espcie Nombre comun [&hellip;]<\/p>\n","protected":false},"author":1,"featured_media":0,"parent":0,"menu_order":0,"comment_status":"closed","ping_status":"closed","template":"","meta":{"zakra_sidebar_layout":"customizer","zakra_remove_content_margin":false,"zakra_sidebar":"customizer","zakra_transparent_header":"customizer","zakra_logo":0,"zakra_main_header_style":"default","zakra_menu_item_color":"","zakra_menu_item_hover_color":"","zakra_menu_item_active_color":"","zakra_menu_active_style":"","zakra_page_header":true,"footnotes":""},"class_list":["post-41204","page","type-page","status-publish","hentry"],"rttpg_featured_image_url":null,"rttpg_author":{"display_name":"webmaster","author_link":"https:\/\/www.colegiobolivar.edu.co\/garden2025\/author\/webmaster\/"},"rttpg_comment":0,"rttpg_category":" <a href=\"https:\/\/www.colegiobolivar.edu.co\/garden2025\/es\/\" rel=\"tag\">Espa\u00f1ol<\/a>","rttpg_excerpt":"Proyecto Monograf\u00edas de los Estudiantes \u2013 A\u00f1o 9 La parte principal de los estudios acad\u00e9micos de la clase agr\u00edcola es que los estudiantes escriban una monograf\u00eda sobre una especie seleccionada de su propia elecci\u00f3n. A continuaci\u00f3n se muestra una lista de los estudiantes y sus especies seleccionadas. Nombre de estudiante Nombre de espcie Nombre comun&hellip;","_links":{"self":[{"href":"https:\/\/www.colegiobolivar.edu.co\/garden2025\/wp-json\/wp\/v2\/pages\/41204","targetHints":{"allow":["GET"]}}],"collection":[{"href":"https:\/\/www.colegiobolivar.edu.co\/garden2025\/wp-json\/wp\/v2\/pages"}],"about":[{"href":"https:\/\/www.colegiobolivar.edu.co\/garden2025\/wp-json\/wp\/v2\/types\/page"}],"author":[{"embeddable":true,"href":"https:\/\/www.colegiobolivar.edu.co\/garden2025\/wp-json\/wp\/v2\/users\/1"}],"replies":[{"embeddable":true,"href":"https:\/\/www.colegiobolivar.edu.co\/garden2025\/wp-json\/wp\/v2\/comments?post=41204"}],"version-history":[{"count":4,"href":"https:\/\/www.colegiobolivar.edu.co\/garden2025\/wp-json\/wp\/v2\/pages\/41204\/revisions"}],"predecessor-version":[{"id":41263,"href":"https:\/\/www.colegiobolivar.edu.co\/garden2025\/wp-json\/wp\/v2\/pages\/41204\/revisions\/41263"}],"wp:attachment":[{"href":"https:\/\/www.colegiobolivar.edu.co\/garden2025\/wp-json\/wp\/v2\/media?parent=41204"}],"curies":[{"name":"wp","href":"https:\/\/api.w.org\/{rel}","templated":true}]}}