{"id":30472,"date":"2025-03-28T11:22:17","date_gmt":"2025-03-28T16:22:17","guid":{"rendered":"https:\/\/www.colegiobolivar.edu.co\/website\/?page_id=30472"},"modified":"2025-03-28T11:22:17","modified_gmt":"2025-03-28T16:22:17","slug":"como-esta-el-clima-en-el-colegio-bolivar","status":"publish","type":"page","link":"https:\/\/www.colegiobolivar.edu.co\/website\/es\/como-esta-el-clima-en-el-colegio-bolivar\/","title":{"rendered":"\u00bfC\u00f3mo est\u00e1 el clima en el Colegio Bol\u00edvar?"},"content":{"rendered":"\t\t<div data-elementor-type=\"wp-page\" data-elementor-id=\"30472\" class=\"elementor elementor-30472\" data-elementor-post-type=\"page\">\n\t\t\t\t\t\t<section class=\"elementor-section elementor-top-section elementor-element elementor-element-2aef54f elementor-section-boxed elementor-section-height-default elementor-section-height-default\" data-id=\"2aef54f\" data-element_type=\"section\" data-e-type=\"section\" data-settings=\"{&quot;background_background&quot;:&quot;classic&quot;}\">\n\t\t\t\t\t\t<div class=\"elementor-container elementor-column-gap-default\">\n\t\t\t\t\t<div class=\"elementor-column elementor-col-50 elementor-top-column elementor-element elementor-element-39cbda0\" data-id=\"39cbda0\" data-element_type=\"column\" data-e-type=\"column\">\n\t\t\t<div class=\"elementor-widget-wrap\">\n\t\t\t\t\t\t\t<\/div>\n\t\t<\/div>\n\t\t\t\t<div class=\"elementor-column elementor-col-50 elementor-top-column elementor-element elementor-element-e03ff57\" data-id=\"e03ff57\" data-element_type=\"column\" data-e-type=\"column\">\n\t\t\t<div class=\"elementor-widget-wrap elementor-element-populated\">\n\t\t\t\t\t\t<div class=\"elementor-element elementor-element-d17e6f2 elementor-widget elementor-widget-image\" data-id=\"d17e6f2\" data-element_type=\"widget\" data-e-type=\"widget\" data-widget_type=\"image.default\">\n\t\t\t\t\t\t\t\t\t\t\t\t\t\t\t\t<a href=\"https:\/\/www.colegiobolivar.edu.co\/website\/en\/whats-the-weather-like-at-colegio-bolivar\">\n\t\t\t\t\t\t\t<img decoding=\"async\" src=\"https:\/\/www.colegiobolivar.edu.co\/website\/wp-content\/uploads\/2025\/03\/bandera.png\" title=\"\" alt=\"\" loading=\"lazy\" \/>\t\t\t\t\t\t\t\t<\/a>\n\t\t\t\t\t\t\t\t\t\t\t\t\t\t\t<\/div>\n\t\t\t\t\t<\/div>\n\t\t<\/div>\n\t\t\t\t\t<\/div>\n\t\t<\/section>\n\t\t\t\t<section class=\"elementor-section elementor-top-section elementor-element elementor-element-25e5d5b elementor-section-height-min-height elementor-section-boxed elementor-section-height-default elementor-section-items-middle\" data-id=\"25e5d5b\" data-element_type=\"section\" data-e-type=\"section\" data-settings=\"{&quot;background_background&quot;:&quot;classic&quot;}\">\n\t\t\t\t\t\t<div class=\"elementor-container elementor-column-gap-default\">\n\t\t\t\t\t<div class=\"elementor-column elementor-col-100 elementor-top-column elementor-element elementor-element-0e11daf\" data-id=\"0e11daf\" data-element_type=\"column\" data-e-type=\"column\">\n\t\t\t<div class=\"elementor-widget-wrap elementor-element-populated\">\n\t\t\t\t\t\t<div class=\"elementor-element elementor-element-5cdb591 elementor-widget elementor-widget-heading\" data-id=\"5cdb591\" data-element_type=\"widget\" data-e-type=\"widget\" data-widget_type=\"heading.default\">\n\t\t\t\t\t<h2 class=\"elementor-heading-title elementor-size-default\">\ud83c\udf26\ufe0f \u00bfC\u00f3mo est\u00e1 el clima en el Colegio Bol\u00edvar? \ud83d\udd06<\/h2>\t\t\t\t<\/div>\n\t\t\t\t<div class=\"elementor-element elementor-element-0379088 elementor-widget elementor-widget-text-editor\" data-id=\"0379088\" data-element_type=\"widget\" data-e-type=\"widget\" data-widget_type=\"text-editor.default\">\n\t\t\t\t\t\t\t\t\t<p>Datos en tiempo real de nuestra estaci\u00f3n meteorol\u00f3gica<\/p>\t\t\t\t\t\t\t\t<\/div>\n\t\t\t\t\t<\/div>\n\t\t<\/div>\n\t\t\t\t\t<\/div>\n\t\t<\/section>\n\t\t\t\t<section class=\"elementor-section elementor-top-section elementor-element elementor-element-441ecf3 elementor-section-full_width elementor-section-height-min-height elementor-section-height-default elementor-section-items-middle\" data-id=\"441ecf3\" data-element_type=\"section\" data-e-type=\"section\" data-settings=\"{&quot;background_background&quot;:&quot;classic&quot;}\">\n\t\t\t\t\t\t\t<div class=\"elementor-background-overlay\"><\/div>\n\t\t\t\t\t\t\t<div class=\"elementor-container elementor-column-gap-default\">\n\t\t\t\t\t<div class=\"elementor-column elementor-col-100 elementor-top-column elementor-element elementor-element-bbcc511\" data-id=\"bbcc511\" data-element_type=\"column\" data-e-type=\"column\" data-settings=\"{&quot;background_background&quot;:&quot;classic&quot;}\">\n\t\t\t<div class=\"elementor-widget-wrap elementor-element-populated\">\n\t\t\t\t\t\t<div class=\"elementor-element elementor-element-bcbd5de elementor-widget__width-initial elementor-widget-mobile__width-initial elementor-widget elementor-widget-html\" data-id=\"bcbd5de\" data-element_type=\"widget\" data-e-type=\"widget\" data-widget_type=\"html.default\">\n\t\t\t\t\t<!DOCTYPE html>\r\n<html lang=\"es\">\r\n<head>\r\n  <meta charset=\"UTF-8\">\r\n  <meta name=\"viewport\" content=\"width=device-width, initial-scale=1.0\">\r\n  <title>Clima Colegio Bol\u00edvar<\/title>\r\n  <style>\r\n    * {\r\n      box-sizing: border-box;\r\n    }\r\n\r\n    body {\r\n      font-family: Arial, sans-serif;\r\n      background-color: #004e89; \/* Fondo azul para toda la pantalla *\/\r\n      display: flex;\r\n      justify-content: center;\r\n      align-items: center;\r\n      min-height: 100vh;\r\n      margin: 0;\r\n      padding: 16px;\r\n    }\r\n\r\n    .clima-container {\r\n      background-color: #ffffff;\r\n      padding: 24px;\r\n      border-radius: 16px;\r\n      box-shadow: 0 10px 25px rgba(0, 0, 0, 0.2);\r\n      text-align: center;\r\n      max-width: 100%;\r\n      width: 100%;\r\n      max-width: 400px;\r\n    }\r\n\r\n    .clima-container h2 {\r\n      font-size: 1.2rem;\r\n      margin-bottom: 16px;\r\n      color: #2c3e50;\r\n    }\r\n\r\n    .iframe-wrapper {\r\n      position: relative;\r\n      width: 100%;\r\n      padding-bottom: 147.9%; \/* 500 \/ 338 = 1.479 *\/\r\n      height: 0;\r\n      overflow: hidden;\r\n      border-radius: 12px;\r\n    }\r\n\r\n    .iframe-wrapper iframe {\r\n      position: absolute;\r\n      top: 0;\r\n      left: 0;\r\n      width: 100%;\r\n      height: 100%;\r\n      border: none;\r\n      border-radius: 12px;\r\n    }\r\n\r\n    @media (max-width: 480px) {\r\n      .clima-container h2 {\r\n        font-size: 1rem;\r\n      }\r\n    }\r\n  <\/style>\r\n<\/head>\r\n<body>\r\n\r\n  <div class=\"clima-container\">\r\n    \r\n    <div class=\"iframe-wrapper\">\r\n      <iframe src=\"https:\/\/www.weatherlink.com\/embeddablePage\/show\/d26cc0202fc841628f8640dad9ab6f2f\/slim\"><\/iframe>\r\n    <\/div>\r\n  <\/div>\r\n\r\n<\/body>\r\n<\/html>\r\n\t\t\t\t<\/div>\n\t\t\t\t\t<\/div>\n\t\t<\/div>\n\t\t\t\t\t<\/div>\n\t\t<\/section>\n\t\t\t\t<section class=\"elementor-section elementor-top-section elementor-element elementor-element-8d28c40 elementor-section-height-min-height elementor-section-boxed elementor-section-height-default elementor-section-items-middle\" data-id=\"8d28c40\" data-element_type=\"section\" data-e-type=\"section\">\n\t\t\t\t\t\t<div class=\"elementor-container elementor-column-gap-default\">\n\t\t\t\t\t<div class=\"elementor-column elementor-col-100 elementor-top-column elementor-element elementor-element-4824e75\" data-id=\"4824e75\" data-element_type=\"column\" data-e-type=\"column\">\n\t\t\t<div class=\"elementor-widget-wrap elementor-element-populated\">\n\t\t\t\t\t\t<div class=\"elementor-element elementor-element-656c1b4 elementor-widget elementor-widget-image\" data-id=\"656c1b4\" data-element_type=\"widget\" data-e-type=\"widget\" data-widget_type=\"image.default\">\n\t\t\t\t\t\t\t\t\t\t\t\t\t\t\t<img fetchpriority=\"high\" decoding=\"async\" width=\"800\" height=\"80\" src=\"https:\/\/www.colegiobolivar.edu.co\/website\/wp-content\/uploads\/2025\/03\/Plantillas-PP-Institucionales-2023-1-37-1024x103.png\" class=\"attachment-large size-large wp-image-29948\" alt=\"\" srcset=\"https:\/\/www.colegiobolivar.edu.co\/website\/wp-content\/uploads\/2025\/03\/Plantillas-PP-Institucionales-2023-1-37-1024x103.png 1024w, https:\/\/www.colegiobolivar.edu.co\/website\/wp-content\/uploads\/2025\/03\/Plantillas-PP-Institucionales-2023-1-37-300x30.png 300w, https:\/\/www.colegiobolivar.edu.co\/website\/wp-content\/uploads\/2025\/03\/Plantillas-PP-Institucionales-2023-1-37-768x77.png 768w, https:\/\/www.colegiobolivar.edu.co\/website\/wp-content\/uploads\/2025\/03\/Plantillas-PP-Institucionales-2023-1-37-1536x155.png 1536w, https:\/\/www.colegiobolivar.edu.co\/website\/wp-content\/uploads\/2025\/03\/Plantillas-PP-Institucionales-2023-1-37-2048x207.png 2048w\" sizes=\"(max-width: 800px) 100vw, 800px\" \/>\t\t\t\t\t\t\t\t\t\t\t\t\t\t\t<\/div>\n\t\t\t\t\t<\/div>\n\t\t<\/div>\n\t\t\t\t\t<\/div>\n\t\t<\/section>\n\t\t\t\t<\/div>\n\t\t","protected":false},"excerpt":{"rendered":"<p>\ud83c\udf26\ufe0f \u00bfC\u00f3mo est\u00e1 el clima en el Colegio Bol\u00edvar? \ud83d\udd06 Datos en tiempo real de nuestra estaci\u00f3n meteorol\u00f3gica Clima Colegio Bol\u00edvar<\/p>\n","protected":false},"author":1,"featured_media":0,"parent":0,"menu_order":0,"comment_status":"closed","ping_status":"closed","template":"elementor_canvas","meta":{"_acf_changed":false,"footnotes":""},"class_list":["post-30472","page","type-page","status-publish","hentry"],"acf":[],"_links":{"self":[{"href":"https:\/\/www.colegiobolivar.edu.co\/website\/wp-json\/wp\/v2\/pages\/30472","targetHints":{"allow":["GET"]}}],"collection":[{"href":"https:\/\/www.colegiobolivar.edu.co\/website\/wp-json\/wp\/v2\/pages"}],"about":[{"href":"https:\/\/www.colegiobolivar.edu.co\/website\/wp-json\/wp\/v2\/types\/page"}],"author":[{"embeddable":true,"href":"https:\/\/www.colegiobolivar.edu.co\/website\/wp-json\/wp\/v2\/users\/1"}],"replies":[{"embeddable":true,"href":"https:\/\/www.colegiobolivar.edu.co\/website\/wp-json\/wp\/v2\/comments?post=30472"}],"version-history":[{"count":0,"href":"https:\/\/www.colegiobolivar.edu.co\/website\/wp-json\/wp\/v2\/pages\/30472\/revisions"}],"wp:attachment":[{"href":"https:\/\/www.colegiobolivar.edu.co\/website\/wp-json\/wp\/v2\/media?parent=30472"}],"curies":[{"name":"wp","href":"https:\/\/api.w.org\/{rel}","templated":true}]}}