{"id":32646,"date":"2025-10-02T13:48:38","date_gmt":"2025-10-02T13:48:38","guid":{"rendered":"https:\/\/colegiobolivar.edu.co\/website\/?page_id=32646"},"modified":"2026-04-23T20:30:00","modified_gmt":"2026-04-23T20:30:00","slug":"servicios-en-linea","status":"publish","type":"page","link":"https:\/\/www.colegiobolivar.edu.co\/website\/es\/servicios-en-linea\/","title":{"rendered":"Servicios en l\u00ednea"},"content":{"rendered":"\t\t<div data-elementor-type=\"wp-page\" data-elementor-id=\"32646\" class=\"elementor elementor-32646\" data-elementor-post-type=\"page\">\n\t\t\t\t<div class=\"elementor-element elementor-element-4c58b439 e-flex e-con-boxed e-con e-parent\" data-id=\"4c58b439\" data-element_type=\"container\" data-e-type=\"container\" data-settings=\"{&quot;background_background&quot;:&quot;classic&quot;}\">\n\t\t\t\t\t<div class=\"e-con-inner\">\n\t\t\t\t\t<\/div>\n\t\t\t\t<\/div>\n\t\t<div class=\"elementor-element elementor-element-e3c270 e-flex e-con-boxed e-con e-parent\" data-id=\"e3c270\" data-element_type=\"container\" data-e-type=\"container\">\n\t\t\t\t\t<div class=\"e-con-inner\">\n\t\t<div class=\"elementor-element elementor-element-66088c25 e-con-full e-flex e-con e-child\" data-id=\"66088c25\" data-element_type=\"container\" data-e-type=\"container\" data-settings=\"{&quot;background_background&quot;:&quot;classic&quot;}\">\n\t\t\t\t<div class=\"elementor-element elementor-element-32c4cd99 elementor-widget elementor-widget-heading\" data-id=\"32c4cd99\" data-element_type=\"widget\" data-e-type=\"widget\" data-widget_type=\"heading.default\">\n\t\t\t\t\t<h2 class=\"elementor-heading-title elementor-size-default\">Servicios<\/h2>\t\t\t\t<\/div>\n\t\t\t\t<\/div>\n\t\t\t\t<div class=\"elementor-element elementor-element-400bad51 elementor-widget elementor-widget-heading\" data-id=\"400bad51\" data-element_type=\"widget\" data-e-type=\"widget\" data-widget_type=\"heading.default\">\n\t\t\t\t\t<h2 class=\"elementor-heading-title elementor-size-default\">en l\u00ednea<\/h2>\t\t\t\t<\/div>\n\t\t\t\t\t<\/div>\n\t\t\t\t<\/div>\n\t\t<div class=\"elementor-element elementor-element-125efd41 e-flex e-con-boxed e-con e-parent\" data-id=\"125efd41\" data-element_type=\"container\" data-e-type=\"container\">\n\t\t\t\t\t<div class=\"e-con-inner\">\n\t\t\t\t<div class=\"elementor-element elementor-element-79a6b6b7 elementor-widget elementor-widget-text-editor\" data-id=\"79a6b6b7\" data-element_type=\"widget\" data-e-type=\"widget\" data-widget_type=\"text-editor.default\">\n\t\t\t\t\t\t\t\t\t<p>En esta secci\u00f3n encontrar\u00e1 la informaci\u00f3n para llevar a cabo los procesos relacionados con los servicios educativos del Colegio.<\/p>\t\t\t\t\t\t\t\t<\/div>\n\t\t\t\t\t<\/div>\n\t\t\t\t<\/div>\n\t\t<div class=\"elementor-element elementor-element-4e9a196b e-con-full e-flex e-con e-parent\" data-id=\"4e9a196b\" data-element_type=\"container\" data-e-type=\"container\">\n\t\t<div class=\"elementor-element elementor-element-7c22aff2 e-con-full e-flex e-con e-child\" data-id=\"7c22aff2\" data-element_type=\"container\" data-e-type=\"container\" data-settings=\"{&quot;background_background&quot;:&quot;classic&quot;}\">\n\t\t\t\t<div class=\"elementor-element elementor-element-10162342 elementor-widget elementor-widget-image\" data-id=\"10162342\" data-element_type=\"widget\" data-e-type=\"widget\" data-widget_type=\"image.default\">\n\t\t\t\t\t\t\t\t\t\t\t\t\t\t\t\t<a href=\"https:\/\/integrity.colegiobolivar.edu.co\/Matri2526\/login.aspx?idioma=es\" target=\"_blank\">\n\t\t\t\t\t\t\t<img fetchpriority=\"high\" decoding=\"async\" width=\"512\" height=\"512\" src=\"https:\/\/www.colegiobolivar.edu.co\/website\/wp-content\/uploads\/2025\/10\/sign-up.png\" class=\"elementor-animation-shrink attachment-large size-large wp-image-32631\" alt=\"\" srcset=\"https:\/\/www.colegiobolivar.edu.co\/website\/wp-content\/uploads\/2025\/10\/sign-up.png 512w, https:\/\/www.colegiobolivar.edu.co\/website\/wp-content\/uploads\/2025\/10\/sign-up-300x300.png 300w, https:\/\/www.colegiobolivar.edu.co\/website\/wp-content\/uploads\/2025\/10\/sign-up-150x150.png 150w\" sizes=\"(max-width: 512px) 100vw, 512px\" \/>\t\t\t\t\t\t\t\t<\/a>\n\t\t\t\t\t\t\t\t\t\t\t\t\t\t\t<\/div>\n\t\t\t\t<div class=\"elementor-element elementor-element-1ed2e92a elementor-widget elementor-widget-heading\" data-id=\"1ed2e92a\" data-element_type=\"widget\" data-e-type=\"widget\" data-widget_type=\"heading.default\">\n\t\t\t\t\t<h2 class=\"elementor-heading-title elementor-size-default\"><a href=\"https:\/\/integrity.colegiobolivar.edu.co\/Matri2526\/login.aspx?idioma=es\" target=\"_blank\">Matriculas<\/a><\/h2>\t\t\t\t<\/div>\n\t\t\t\t<\/div>\n\t\t<div class=\"elementor-element elementor-element-10381bf1 e-con-full e-flex e-con e-child\" data-id=\"10381bf1\" data-element_type=\"container\" data-e-type=\"container\" data-settings=\"{&quot;background_background&quot;:&quot;classic&quot;}\">\n\t\t\t\t<div class=\"elementor-element elementor-element-2d39f2b elementor-widget elementor-widget-image\" data-id=\"2d39f2b\" data-element_type=\"widget\" data-e-type=\"widget\" data-widget_type=\"image.default\">\n\t\t\t\t\t\t\t\t\t\t\t\t\t\t\t\t<a href=\"https:\/\/integrity.colegiobolivar.edu.co\/Login\/Login.aspx?requesterUrl=https:\/\/gateway.tucompra.com.co\/sites\/colegiobolivar\" target=\"_blank\">\n\t\t\t\t\t\t\t<img decoding=\"async\" width=\"512\" height=\"512\" src=\"https:\/\/www.colegiobolivar.edu.co\/website\/wp-content\/uploads\/2025\/10\/bill.png\" class=\"elementor-animation-shrink attachment-large size-large wp-image-32632\" alt=\"\" srcset=\"https:\/\/www.colegiobolivar.edu.co\/website\/wp-content\/uploads\/2025\/10\/bill.png 512w, https:\/\/www.colegiobolivar.edu.co\/website\/wp-content\/uploads\/2025\/10\/bill-300x300.png 300w, https:\/\/www.colegiobolivar.edu.co\/website\/wp-content\/uploads\/2025\/10\/bill-150x150.png 150w\" sizes=\"(max-width: 512px) 100vw, 512px\" \/>\t\t\t\t\t\t\t\t<\/a>\n\t\t\t\t\t\t\t\t\t\t\t\t\t\t\t<\/div>\n\t\t\t\t<div class=\"elementor-element elementor-element-35d750b5 elementor-widget elementor-widget-heading\" data-id=\"35d750b5\" data-element_type=\"widget\" data-e-type=\"widget\" data-widget_type=\"heading.default\">\n\t\t\t\t\t<h2 class=\"elementor-heading-title elementor-size-default\"><a href=\"https:\/\/integrity.colegiobolivar.edu.co\/Login\/Login.aspx?requesterUrl=https:\/\/gateway.tucompra.com.co\/sites\/colegiobolivar\" target=\"_blank\">Costos educativos<\/a><\/h2>\t\t\t\t<\/div>\n\t\t\t\t<\/div>\n\t\t<div class=\"elementor-element elementor-element-15c85f5b e-con-full e-flex e-con e-child\" data-id=\"15c85f5b\" data-element_type=\"container\" data-e-type=\"container\" data-settings=\"{&quot;background_background&quot;:&quot;classic&quot;}\">\n\t\t\t\t<div class=\"elementor-element elementor-element-227066be elementor-widget elementor-widget-image\" data-id=\"227066be\" data-element_type=\"widget\" data-e-type=\"widget\" data-widget_type=\"image.default\">\n\t\t\t\t\t\t\t\t\t\t\t\t\t\t\t\t<a href=\"https:\/\/integrity.colegiobolivar.edu.co\/ABUS\/Login.aspx\" target=\"_blank\">\n\t\t\t\t\t\t\t<img decoding=\"async\" width=\"512\" height=\"512\" src=\"https:\/\/www.colegiobolivar.edu.co\/website\/wp-content\/uploads\/2025\/10\/data-processing.png\" class=\"elementor-animation-shrink attachment-large size-large wp-image-32633\" alt=\"\" srcset=\"https:\/\/www.colegiobolivar.edu.co\/website\/wp-content\/uploads\/2025\/10\/data-processing.png 512w, https:\/\/www.colegiobolivar.edu.co\/website\/wp-content\/uploads\/2025\/10\/data-processing-300x300.png 300w, https:\/\/www.colegiobolivar.edu.co\/website\/wp-content\/uploads\/2025\/10\/data-processing-150x150.png 150w\" sizes=\"(max-width: 512px) 100vw, 512px\" \/>\t\t\t\t\t\t\t\t<\/a>\n\t\t\t\t\t\t\t\t\t\t\t\t\t\t\t<\/div>\n\t\t\t\t<div class=\"elementor-element elementor-element-4eb601ec elementor-widget elementor-widget-heading\" data-id=\"4eb601ec\" data-element_type=\"widget\" data-e-type=\"widget\" data-widget_type=\"heading.default\">\n\t\t\t\t\t<h2 class=\"elementor-heading-title elementor-size-default\">Actualizaci\u00f3n de datos<\/h2>\t\t\t\t<\/div>\n\t\t\t\t<\/div>\n\t\t\t\t<\/div>\n\t\t<div class=\"elementor-element elementor-element-5085fe01 e-con-full e-flex e-con e-parent\" data-id=\"5085fe01\" data-element_type=\"container\" data-e-type=\"container\">\n\t\t<div class=\"elementor-element elementor-element-280b66f6 e-con-full e-flex e-con e-child\" data-id=\"280b66f6\" data-element_type=\"container\" data-e-type=\"container\" data-settings=\"{&quot;background_background&quot;:&quot;classic&quot;}\">\n\t\t\t\t<div class=\"elementor-element elementor-element-1da584a0 elementor-widget elementor-widget-image\" data-id=\"1da584a0\" data-element_type=\"widget\" data-e-type=\"widget\" data-widget_type=\"image.default\">\n\t\t\t\t\t\t\t\t\t\t\t\t\t\t\t\t<a href=\"https:\/\/integrity.colegiobolivar.edu.co\/pasescb\/login.aspx\" target=\"_blank\">\n\t\t\t\t\t\t\t<img loading=\"lazy\" decoding=\"async\" width=\"512\" height=\"512\" src=\"https:\/\/www.colegiobolivar.edu.co\/website\/wp-content\/uploads\/2025\/10\/log-out.png\" class=\"elementor-animation-shrink attachment-large size-large wp-image-32640\" alt=\"\" srcset=\"https:\/\/www.colegiobolivar.edu.co\/website\/wp-content\/uploads\/2025\/10\/log-out.png 512w, https:\/\/www.colegiobolivar.edu.co\/website\/wp-content\/uploads\/2025\/10\/log-out-300x300.png 300w, https:\/\/www.colegiobolivar.edu.co\/website\/wp-content\/uploads\/2025\/10\/log-out-150x150.png 150w\" sizes=\"(max-width: 512px) 100vw, 512px\" \/>\t\t\t\t\t\t\t\t<\/a>\n\t\t\t\t\t\t\t\t\t\t\t\t\t\t\t<\/div>\n\t\t\t\t<div class=\"elementor-element elementor-element-6bee5ee4 elementor-widget elementor-widget-heading\" data-id=\"6bee5ee4\" data-element_type=\"widget\" data-e-type=\"widget\" data-widget_type=\"heading.default\">\n\t\t\t\t\t<h2 class=\"elementor-heading-title elementor-size-default\"><a href=\"https:\/\/integrity.colegiobolivar.edu.co\/pasescb\/login.aspx\" target=\"_blank\">Pases de salida<\/a><\/h2>\t\t\t\t<\/div>\n\t\t\t\t<\/div>\n\t\t<div class=\"elementor-element elementor-element-24bd7ddf e-con-full e-flex e-con e-child\" data-id=\"24bd7ddf\" data-element_type=\"container\" data-e-type=\"container\" data-settings=\"{&quot;background_background&quot;:&quot;classic&quot;}\">\n\t\t\t\t<div class=\"elementor-element elementor-element-122a8c1 elementor-widget elementor-widget-image\" data-id=\"122a8c1\" data-element_type=\"widget\" data-e-type=\"widget\" data-widget_type=\"image.default\">\n\t\t\t\t\t\t\t\t\t\t\t\t\t\t\t\t<a href=\"https:\/\/clients.paygo.com.co\/index.html#\/login\" target=\"_blank\">\n\t\t\t\t\t\t\t<img decoding=\"async\" width=\"512\" height=\"512\" src=\"https:\/\/www.colegiobolivar.edu.co\/website\/wp-content\/uploads\/2025\/10\/bill.png\" class=\"elementor-animation-shrink attachment-large size-large wp-image-32632\" alt=\"\" srcset=\"https:\/\/www.colegiobolivar.edu.co\/website\/wp-content\/uploads\/2025\/10\/bill.png 512w, https:\/\/www.colegiobolivar.edu.co\/website\/wp-content\/uploads\/2025\/10\/bill-300x300.png 300w, https:\/\/www.colegiobolivar.edu.co\/website\/wp-content\/uploads\/2025\/10\/bill-150x150.png 150w\" sizes=\"(max-width: 512px) 100vw, 512px\" \/>\t\t\t\t\t\t\t\t<\/a>\n\t\t\t\t\t\t\t\t\t\t\t\t\t\t\t<\/div>\n\t\t\t\t<div class=\"elementor-element elementor-element-3640808c elementor-widget elementor-widget-heading\" data-id=\"3640808c\" data-element_type=\"widget\" data-e-type=\"widget\" data-widget_type=\"heading.default\">\n\t\t\t\t\t<h2 class=\"elementor-heading-title elementor-size-default\"><a href=\"https:\/\/clients.paygo.com.co\/index.html#\/login\" target=\"_blank\">PayGo<\/a><\/h2>\t\t\t\t<\/div>\n\t\t\t\t<\/div>\n\t\t<div class=\"elementor-element elementor-element-5b079bd8 e-con-full e-flex e-con e-child\" data-id=\"5b079bd8\" data-element_type=\"container\" data-e-type=\"container\" data-settings=\"{&quot;background_background&quot;:&quot;classic&quot;}\">\n\t\t\t\t<div class=\"elementor-element elementor-element-362b7acc elementor-widget-mobile__width-initial elementor-widget elementor-widget-image\" data-id=\"362b7acc\" data-element_type=\"widget\" data-e-type=\"widget\" data-widget_type=\"image.default\">\n\t\t\t\t\t\t\t\t\t\t\t\t\t\t\t\t<a href=\"https:\/\/integrity.colegiobolivar.edu.co\/Historia_Clinica\/Login.aspx\" target=\"_blank\">\n\t\t\t\t\t\t\t<img loading=\"lazy\" decoding=\"async\" width=\"512\" height=\"512\" src=\"https:\/\/www.colegiobolivar.edu.co\/website\/wp-content\/uploads\/2025\/10\/medical-information.png\" class=\"elementor-animation-shrink attachment-large size-large wp-image-32641\" alt=\"\" srcset=\"https:\/\/www.colegiobolivar.edu.co\/website\/wp-content\/uploads\/2025\/10\/medical-information.png 512w, https:\/\/www.colegiobolivar.edu.co\/website\/wp-content\/uploads\/2025\/10\/medical-information-300x300.png 300w, https:\/\/www.colegiobolivar.edu.co\/website\/wp-content\/uploads\/2025\/10\/medical-information-150x150.png 150w\" sizes=\"(max-width: 512px) 100vw, 512px\" \/>\t\t\t\t\t\t\t\t<\/a>\n\t\t\t\t\t\t\t\t\t\t\t\t\t\t\t<\/div>\n\t\t\t\t<div class=\"elementor-element elementor-element-566926c2 elementor-widget elementor-widget-heading\" data-id=\"566926c2\" data-element_type=\"widget\" data-e-type=\"widget\" data-widget_type=\"heading.default\">\n\t\t\t\t\t<h2 class=\"elementor-heading-title elementor-size-default\"><a href=\"https:\/\/integrity.colegiobolivar.edu.co\/Historia_Clinica\/Login.aspx\" target=\"_blank\">Informaci\u00f3n m\u00e9dica<\/a><\/h2>\t\t\t\t<\/div>\n\t\t\t\t<\/div>\n\t\t\t\t<\/div>\n\t\t<div class=\"elementor-element elementor-element-c28034d e-flex e-con-boxed e-con e-parent\" data-id=\"c28034d\" data-element_type=\"container\" data-e-type=\"container\">\n\t\t\t\t\t<div class=\"e-con-inner\">\n\t\t\t\t<div class=\"elementor-element elementor-element-f627a0c elementor-widget elementor-widget-heading\" data-id=\"f627a0c\" data-element_type=\"widget\" data-e-type=\"widget\" data-widget_type=\"heading.default\">\n\t\t\t\t\t<h2 class=\"elementor-heading-title elementor-size-default\">Certificado de Matr\u00edcula<\/h2>\t\t\t\t<\/div>\n\t\t\t\t<div class=\"elementor-element elementor-element-334f3c1 elementor-widget elementor-widget-text-editor\" data-id=\"334f3c1\" data-element_type=\"widget\" data-e-type=\"widget\" data-widget_type=\"text-editor.default\">\n\t\t\t\t\t\t\t\t\t<p>Un d\u00eda h\u00e1bil despu\u00e9s de haber finalizado el proceso de matr\u00edcula, podr\u00e1 descargar el certificado de matr\u00edcula\u00a0<\/p>\t\t\t\t\t\t\t\t<\/div>\n\t\t\t\t<div class=\"elementor-element elementor-element-78adc38 elementor-mobile-align-center elementor-widget elementor-widget-button\" data-id=\"78adc38\" data-element_type=\"widget\" data-e-type=\"widget\" data-widget_type=\"button.default\">\n\t\t\t\t\t\t\t\t\t\t<a class=\"elementor-button elementor-button-link elementor-size-sm elementor-animation-grow\" href=\"https:\/\/integrity.colegiobolivar.edu.co\/CertMatri2425\/login.aspx\">\n\t\t\t\t\t\t<span class=\"elementor-button-content-wrapper\">\n\t\t\t\t\t\t\t\t\t<span class=\"elementor-button-text\">Descargar certificado 2024-2025<\/span>\n\t\t\t\t\t<\/span>\n\t\t\t\t\t<\/a>\n\t\t\t\t\t\t\t\t<\/div>\n\t\t\t\t<div class=\"elementor-element elementor-element-08db5ff elementor-mobile-align-center elementor-widget elementor-widget-button\" data-id=\"08db5ff\" data-element_type=\"widget\" data-e-type=\"widget\" data-widget_type=\"button.default\">\n\t\t\t\t\t\t\t\t\t\t<a class=\"elementor-button elementor-button-link elementor-size-sm elementor-animation-grow\" href=\"https:\/\/integrity.colegiobolivar.edu.co\/CertMatri2526\/login.aspx\">\n\t\t\t\t\t\t<span class=\"elementor-button-content-wrapper\">\n\t\t\t\t\t\t\t\t\t<span class=\"elementor-button-text\">Descargar certificado 2025-2026<\/span>\n\t\t\t\t\t<\/span>\n\t\t\t\t\t<\/a>\n\t\t\t\t\t\t\t\t<\/div>\n\t\t\t\t\t<\/div>\n\t\t\t\t<\/div>\n\t\t<div class=\"elementor-element elementor-element-fb57a87 e-flex e-con-boxed e-con e-parent\" data-id=\"fb57a87\" data-element_type=\"container\" data-e-type=\"container\">\n\t\t\t\t\t<div class=\"e-con-inner\">\n\t\t\t\t<div class=\"elementor-element elementor-element-61c62ab elementor-widget elementor-widget-heading\" data-id=\"61c62ab\" data-element_type=\"widget\" data-e-type=\"widget\" data-widget_type=\"heading.default\">\n\t\t\t\t\t<h2 class=\"elementor-heading-title elementor-size-default\">Certificado Declaraci\u00f3n de Renta<\/h2>\t\t\t\t<\/div>\n\t\t\t\t<div class=\"elementor-element elementor-element-2e24446 elementor-widget elementor-widget-text-editor\" data-id=\"2e24446\" data-element_type=\"widget\" data-e-type=\"widget\" data-widget_type=\"text-editor.default\">\n\t\t\t\t\t\t\t\t\t<p>Por favor digitar la identificaci\u00f3n del responsable de los costos educativos\u00a0<\/p>\t\t\t\t\t\t\t\t<\/div>\n\t\t\t\t<div class=\"elementor-element elementor-element-ce832e0 elementor-mobile-align-center elementor-widget elementor-widget-button\" data-id=\"ce832e0\" data-element_type=\"widget\" data-e-type=\"widget\" data-widget_type=\"button.default\">\n\t\t\t\t\t\t\t\t\t\t<a class=\"elementor-button elementor-button-link elementor-size-sm elementor-animation-grow\" href=\"https:\/\/integrity.colegiobolivar.edu.co\/Certipagos24\/login.aspx\">\n\t\t\t\t\t\t<span class=\"elementor-button-content-wrapper\">\n\t\t\t\t\t\t\t\t\t<span class=\"elementor-button-text\">Descargar certificado 2024<\/span>\n\t\t\t\t\t<\/span>\n\t\t\t\t\t<\/a>\n\t\t\t\t\t\t\t\t<\/div>\n\t\t\t\t<div class=\"elementor-element elementor-element-f31dc49 elementor-mobile-align-center elementor-widget elementor-widget-button\" data-id=\"f31dc49\" data-element_type=\"widget\" data-e-type=\"widget\" data-widget_type=\"button.default\">\n\t\t\t\t\t\t\t\t\t\t<a class=\"elementor-button elementor-button-link elementor-size-sm elementor-animation-grow\" href=\"https:\/\/integrity.colegiobolivar.edu.co\/Certipagos\/login.aspx\">\n\t\t\t\t\t\t<span class=\"elementor-button-content-wrapper\">\n\t\t\t\t\t\t\t\t\t<span class=\"elementor-button-text\">Descargar certificado 2025<\/span>\n\t\t\t\t\t<\/span>\n\t\t\t\t\t<\/a>\n\t\t\t\t\t\t\t\t<\/div>\n\t\t\t\t\t<\/div>\n\t\t\t\t<\/div>\n\t\t<div class=\"elementor-element elementor-element-7c10aac e-flex e-con-boxed e-con e-parent\" data-id=\"7c10aac\" data-element_type=\"container\" data-e-type=\"container\">\n\t\t\t\t\t<div class=\"e-con-inner\">\n\t\t\t\t\t<\/div>\n\t\t\t\t<\/div>\n\t\t\t\t<\/div>\n\t\t","protected":false},"excerpt":{"rendered":"<p>Servicios en l\u00ednea En esta secci\u00f3n encontrar\u00e1 la informaci\u00f3n para llevar a cabo los procesos relacionados con los servicios educativos del Colegio. Matriculas Costos educativos Actualizaci\u00f3n de datos Pases de salida PayGo Informaci\u00f3n m\u00e9dica Certificado de Matr\u00edcula Un d\u00eda h\u00e1bil despu\u00e9s de haber finalizado el proceso de matr\u00edcula, podr\u00e1 descargar el certificado de matr\u00edcula\u00a0 Descargar [&hellip;]<\/p>\n","protected":false},"author":1,"featured_media":0,"parent":0,"menu_order":0,"comment_status":"closed","ping_status":"closed","template":"elementor_header_footer","meta":{"_acf_changed":false,"footnotes":""},"class_list":["post-32646","page","type-page","status-publish","hentry"],"acf":[],"_links":{"self":[{"href":"https:\/\/www.colegiobolivar.edu.co\/website\/wp-json\/wp\/v2\/pages\/32646","targetHints":{"allow":["GET"]}}],"collection":[{"href":"https:\/\/www.colegiobolivar.edu.co\/website\/wp-json\/wp\/v2\/pages"}],"about":[{"href":"https:\/\/www.colegiobolivar.edu.co\/website\/wp-json\/wp\/v2\/types\/page"}],"author":[{"embeddable":true,"href":"https:\/\/www.colegiobolivar.edu.co\/website\/wp-json\/wp\/v2\/users\/1"}],"replies":[{"embeddable":true,"href":"https:\/\/www.colegiobolivar.edu.co\/website\/wp-json\/wp\/v2\/comments?post=32646"}],"version-history":[{"count":127,"href":"https:\/\/www.colegiobolivar.edu.co\/website\/wp-json\/wp\/v2\/pages\/32646\/revisions"}],"predecessor-version":[{"id":44927,"href":"https:\/\/www.colegiobolivar.edu.co\/website\/wp-json\/wp\/v2\/pages\/32646\/revisions\/44927"}],"wp:attachment":[{"href":"https:\/\/www.colegiobolivar.edu.co\/website\/wp-json\/wp\/v2\/media?parent=32646"}],"curies":[{"name":"wp","href":"https:\/\/api.w.org\/{rel}","templated":true}]}}