{"id":38724,"date":"2025-11-18T14:21:18","date_gmt":"2025-11-18T14:21:18","guid":{"rendered":"https:\/\/colegiobolivar.edu.co\/website\/?page_id=38724"},"modified":"2025-11-20T15:41:12","modified_gmt":"2025-11-20T15:41:12","slug":"servicios-de-apoyo-al-aprendizaje","status":"publish","type":"page","link":"https:\/\/www.colegiobolivar.edu.co\/website\/es\/servicios-de-apoyo-al-aprendizaje\/","title":{"rendered":"Servicios de Apoyo al Aprendizaje"},"content":{"rendered":"\t\t<div data-elementor-type=\"wp-page\" data-elementor-id=\"38724\" class=\"elementor elementor-38724\" data-elementor-post-type=\"page\">\n\t\t\t\t<div class=\"elementor-element elementor-element-17bcc5d5 e-flex e-con-boxed elementor-invisible e-con e-parent\" data-id=\"17bcc5d5\" data-element_type=\"container\" data-e-type=\"container\" data-settings=\"{&quot;animation&quot;:&quot;fadeInRight&quot;}\">\n\t\t\t\t\t<div class=\"e-con-inner\">\n\t\t\t\t<div class=\"elementor-element elementor-element-1b32f1ce elementor-invisible elementor-widget elementor-widget-heading\" data-id=\"1b32f1ce\" data-element_type=\"widget\" data-e-type=\"widget\" data-settings=\"{&quot;_animation&quot;:&quot;fadeInLeft&quot;}\" data-widget_type=\"heading.default\">\n\t\t\t\t\t<h2 class=\"elementor-heading-title elementor-size-default\">Servicios de<\/h2>\t\t\t\t<\/div>\n\t\t\t\t<div class=\"elementor-element elementor-element-c40266c elementor-invisible elementor-widget elementor-widget-heading\" data-id=\"c40266c\" data-element_type=\"widget\" data-e-type=\"widget\" data-settings=\"{&quot;_animation&quot;:&quot;fadeInLeft&quot;}\" data-widget_type=\"heading.default\">\n\t\t\t\t\t<h2 class=\"elementor-heading-title elementor-size-default\">Apoyo al Aprendizaje<\/h2>\t\t\t\t<\/div>\n\t\t\t\t\t<\/div>\n\t\t\t\t<\/div>\n\t\t<div class=\"elementor-element elementor-element-8edc0e3 e-flex e-con-boxed e-con e-parent\" data-id=\"8edc0e3\" data-element_type=\"container\" data-e-type=\"container\">\n\t\t\t\t\t<div class=\"e-con-inner\">\n\t\t<div class=\"elementor-element elementor-element-2cc5be1 e-con-full e-flex e-con e-child\" data-id=\"2cc5be1\" data-element_type=\"container\" data-e-type=\"container\">\n\t\t\t\t<div class=\"elementor-element elementor-element-3f84383 elementor-widget__width-initial elementor-widget-mobile__width-initial elementor-widget elementor-widget-text-editor\" data-id=\"3f84383\" data-element_type=\"widget\" data-e-type=\"widget\" data-widget_type=\"text-editor.default\">\n\t\t\t\t\t\t\t\t\t<p>El Colegio Bol\u00edvar reconoce que cada estudiante aprende de manera \u00fanica. El equipo de Apoyo al Aprendizaje trabaja junto a docentes y familias para fortalecer habilidades, superar dificultades y potenciar talentos, acompa\u00f1ando el desarrollo acad\u00e9mico y socioemocional.<\/p>\t\t\t\t\t\t\t\t<\/div>\n\t\t\t\t<\/div>\n\t\t\t\t\t<\/div>\n\t\t\t\t<\/div>\n\t\t<div class=\"elementor-element elementor-element-4fb955d e-flex e-con-boxed e-con e-parent\" data-id=\"4fb955d\" data-element_type=\"container\" data-e-type=\"container\">\n\t\t\t\t\t<div class=\"e-con-inner\">\n\t\t\t\t<div class=\"elementor-element elementor-element-dfe05d1 elementor-widget elementor-widget-video\" data-id=\"dfe05d1\" data-element_type=\"widget\" data-e-type=\"widget\" data-settings=\"{&quot;video_type&quot;:&quot;vimeo&quot;}\" data-widget_type=\"video.default\">\n\t\t\t\t\t\t\t<div class=\"elementor-wrapper elementor-open-inline\">\n\t\t\t<iframe class=\"elementor-video-iframe\" allowfullscreen allow=\"clipboard-write\" title=\"Reproductor de v\u00eddeo vimeo\" src=\"https:\/\/player.vimeo.com\/video\/878296741?color&amp;autopause=0&amp;loop=0&amp;muted=0&amp;title=1&amp;portrait=1&amp;byline=1#t=\"><\/iframe>\t\t<\/div>\n\t\t\t\t\t\t<\/div>\n\t\t\t\t\t<\/div>\n\t\t\t\t<\/div>\n\t\t<div class=\"elementor-element elementor-element-5681e38a e-con-full e-flex e-con e-parent\" data-id=\"5681e38a\" data-element_type=\"container\" data-e-type=\"container\" data-settings=\"{&quot;background_background&quot;:&quot;classic&quot;}\">\n\t\t<div class=\"elementor-element elementor-element-69248686 e-con-full e-flex e-con e-child\" data-id=\"69248686\" data-element_type=\"container\" data-e-type=\"container\">\n\t\t<div class=\"elementor-element elementor-element-6c575b6d e-con-full e-flex elementor-invisible e-con e-child\" data-id=\"6c575b6d\" data-element_type=\"container\" data-e-type=\"container\" data-settings=\"{&quot;animation&quot;:&quot;fadeInUp&quot;}\">\n\t\t\t\t<div class=\"elementor-element elementor-element-2101f01 elementor-widget elementor-widget-image\" data-id=\"2101f01\" data-element_type=\"widget\" data-e-type=\"widget\" data-widget_type=\"image.default\">\n\t\t\t\t\t\t\t\t\t\t\t\t\t\t\t<img fetchpriority=\"high\" decoding=\"async\" width=\"800\" height=\"739\" src=\"https:\/\/www.colegiobolivar.edu.co\/website\/wp-content\/uploads\/2025\/11\/Group-161.svg\" class=\"attachment-large size-large wp-image-39073\" alt=\"\" \/>\t\t\t\t\t\t\t\t\t\t\t\t\t\t\t<\/div>\n\t\t\t\t<div class=\"elementor-element elementor-element-7af98de2 elementor-cta--valign-middle elementor-cta--skin-classic elementor-animated-content elementor-bg-transform elementor-bg-transform-zoom-in elementor-widget elementor-widget-call-to-action\" data-id=\"7af98de2\" data-element_type=\"widget\" data-e-type=\"widget\" data-widget_type=\"call-to-action.default\">\n\t\t\t\t\t\t\t<div class=\"elementor-cta\">\n\t\t\t\t\t\t\t<div class=\"elementor-cta__content\">\n\t\t\t\t\n\t\t\t\t\t\t\t\t\t<h3 class=\"elementor-cta__title elementor-cta__content-item elementor-content-item\">\n\t\t\t\t\t\tPrerrequisitos del aprendizaje (Preprimaria a 2\u00ba): \t\t\t\t\t<\/h3>\n\t\t\t\t\n\t\t\t\t\t\t\t\t\t<div class=\"elementor-cta__description elementor-cta__content-item elementor-content-item\">\n\t\t\t\t\t\tBases de atenci\u00f3n, memoria y conciencia fonol\u00f3gica.\t\t\t\t\t<\/div>\n\t\t\t\t\n\t\t\t\t\t\t\t<\/div>\n\t\t\t\t\t\t<\/div>\n\t\t\t\t\t\t<\/div>\n\t\t\t\t<\/div>\n\t\t<div class=\"elementor-element elementor-element-2607f7b1 e-con-full e-flex elementor-invisible e-con e-child\" data-id=\"2607f7b1\" data-element_type=\"container\" data-e-type=\"container\" data-settings=\"{&quot;animation&quot;:&quot;fadeInUp&quot;,&quot;animation_delay&quot;:100}\">\n\t\t\t\t<div class=\"elementor-element elementor-element-2843282 elementor-widget elementor-widget-image\" data-id=\"2843282\" data-element_type=\"widget\" data-e-type=\"widget\" data-widget_type=\"image.default\">\n\t\t\t\t\t\t\t\t\t\t\t\t\t\t\t<img decoding=\"async\" width=\"800\" height=\"739\" src=\"https:\/\/www.colegiobolivar.edu.co\/website\/wp-content\/uploads\/2025\/11\/Matematicas-1024x946.png\" class=\"attachment-large size-large wp-image-39087\" alt=\"\" srcset=\"https:\/\/www.colegiobolivar.edu.co\/website\/wp-content\/uploads\/2025\/11\/Matematicas-1024x946.png 1024w, https:\/\/www.colegiobolivar.edu.co\/website\/wp-content\/uploads\/2025\/11\/Matematicas-300x277.png 300w, https:\/\/www.colegiobolivar.edu.co\/website\/wp-content\/uploads\/2025\/11\/Matematicas-768x710.png 768w, https:\/\/www.colegiobolivar.edu.co\/website\/wp-content\/uploads\/2025\/11\/Matematicas.png 1472w\" sizes=\"(max-width: 800px) 100vw, 800px\" \/>\t\t\t\t\t\t\t\t\t\t\t\t\t\t\t<\/div>\n\t\t\t\t<div class=\"elementor-element elementor-element-5bf985cb elementor-cta--valign-middle elementor-cta--skin-classic elementor-animated-content elementor-bg-transform elementor-bg-transform-zoom-in elementor-widget elementor-widget-call-to-action\" data-id=\"5bf985cb\" data-element_type=\"widget\" data-e-type=\"widget\" data-widget_type=\"call-to-action.default\">\n\t\t\t\t\t\t\t<div class=\"elementor-cta\">\n\t\t\t\t\t\t\t<div class=\"elementor-cta__content\">\n\t\t\t\t\n\t\t\t\t\t\t\t\t\t<h3 class=\"elementor-cta__title elementor-cta__content-item elementor-content-item\">\n\t\t\t\t\t\tMatem\u00e1ticas (1\u00ba a 5\u00ba): \t\t\t\t\t<\/h3>\n\t\t\t\t\n\t\t\t\t\t\t\t\t\t<div class=\"elementor-cta__description elementor-cta__content-item elementor-content-item\">\n\t\t\t\t\t\tComprensi\u00f3n y pensamiento matem\u00e1tico.\t\t\t\t\t<\/div>\n\t\t\t\t\n\t\t\t\t\t\t\t<\/div>\n\t\t\t\t\t\t<\/div>\n\t\t\t\t\t\t<\/div>\n\t\t\t\t<\/div>\n\t\t<div class=\"elementor-element elementor-element-86ac3ad e-con-full e-flex elementor-invisible e-con e-child\" data-id=\"86ac3ad\" data-element_type=\"container\" data-e-type=\"container\" data-settings=\"{&quot;animation&quot;:&quot;fadeInUp&quot;,&quot;animation_delay&quot;:200}\">\n\t\t\t\t<div class=\"elementor-element elementor-element-2d82a7a elementor-widget elementor-widget-image\" data-id=\"2d82a7a\" data-element_type=\"widget\" data-e-type=\"widget\" data-widget_type=\"image.default\">\n\t\t\t\t\t\t\t\t\t\t\t\t\t\t\t<img decoding=\"async\" width=\"800\" height=\"739\" src=\"https:\/\/www.colegiobolivar.edu.co\/website\/wp-content\/uploads\/2025\/11\/LecturayEscritura-1024x946.png\" class=\"attachment-large size-large wp-image-39092\" alt=\"\" srcset=\"https:\/\/www.colegiobolivar.edu.co\/website\/wp-content\/uploads\/2025\/11\/LecturayEscritura-1024x946.png 1024w, https:\/\/www.colegiobolivar.edu.co\/website\/wp-content\/uploads\/2025\/11\/LecturayEscritura-300x277.png 300w, https:\/\/www.colegiobolivar.edu.co\/website\/wp-content\/uploads\/2025\/11\/LecturayEscritura-768x710.png 768w, https:\/\/www.colegiobolivar.edu.co\/website\/wp-content\/uploads\/2025\/11\/LecturayEscritura.png 1472w\" sizes=\"(max-width: 800px) 100vw, 800px\" \/>\t\t\t\t\t\t\t\t\t\t\t\t\t\t\t<\/div>\n\t\t\t\t<div class=\"elementor-element elementor-element-6f2e8426 elementor-cta--valign-middle elementor-cta--skin-classic elementor-animated-content elementor-bg-transform elementor-bg-transform-zoom-in elementor-widget elementor-widget-call-to-action\" data-id=\"6f2e8426\" data-element_type=\"widget\" data-e-type=\"widget\" data-widget_type=\"call-to-action.default\">\n\t\t\t\t\t\t\t<div class=\"elementor-cta\">\n\t\t\t\t\t\t\t<div class=\"elementor-cta__content\">\n\t\t\t\t\n\t\t\t\t\t\t\t\t\t<h3 class=\"elementor-cta__title elementor-cta__content-item elementor-content-item\">\n\t\t\t\t\t\tLectura y escritura en ingl\u00e9s (1\u00ba a 5\u00ba): \t\t\t\t\t<\/h3>\n\t\t\t\t\n\t\t\t\t\t\t\t\t\t<div class=\"elementor-cta__description elementor-cta__content-item elementor-content-item\">\n\t\t\t\t\t\tFon\u00e9tica, vocabulario, fluidez y comprensi\u00f3n lectora.\t\t\t\t\t<\/div>\n\t\t\t\t\n\t\t\t\t\t\t\t<\/div>\n\t\t\t\t\t\t<\/div>\n\t\t\t\t\t\t<\/div>\n\t\t\t\t<\/div>\n\t\t<div class=\"elementor-element elementor-element-4731a4cb e-con-full e-flex elementor-invisible e-con e-child\" data-id=\"4731a4cb\" data-element_type=\"container\" data-e-type=\"container\" data-settings=\"{&quot;animation&quot;:&quot;fadeInUp&quot;,&quot;animation_delay&quot;:300}\">\n\t\t\t\t<div class=\"elementor-element elementor-element-ff54e38 elementor-widget elementor-widget-image\" data-id=\"ff54e38\" data-element_type=\"widget\" data-e-type=\"widget\" data-widget_type=\"image.default\">\n\t\t\t\t\t\t\t\t\t\t\t\t\t\t\t<img loading=\"lazy\" decoding=\"async\" width=\"800\" height=\"739\" src=\"https:\/\/www.colegiobolivar.edu.co\/website\/wp-content\/uploads\/2025\/11\/Habilidades_pensamiento-1024x946.png\" class=\"attachment-large size-large wp-image-39096\" alt=\"\" srcset=\"https:\/\/www.colegiobolivar.edu.co\/website\/wp-content\/uploads\/2025\/11\/Habilidades_pensamiento-1024x946.png 1024w, https:\/\/www.colegiobolivar.edu.co\/website\/wp-content\/uploads\/2025\/11\/Habilidades_pensamiento-300x277.png 300w, https:\/\/www.colegiobolivar.edu.co\/website\/wp-content\/uploads\/2025\/11\/Habilidades_pensamiento-768x710.png 768w, https:\/\/www.colegiobolivar.edu.co\/website\/wp-content\/uploads\/2025\/11\/Habilidades_pensamiento.png 1472w\" sizes=\"(max-width: 800px) 100vw, 800px\" \/>\t\t\t\t\t\t\t\t\t\t\t\t\t\t\t<\/div>\n\t\t\t\t<div class=\"elementor-element elementor-element-7cdd956 elementor-cta--valign-middle elementor-cta--skin-classic elementor-animated-content elementor-bg-transform elementor-bg-transform-zoom-in elementor-widget elementor-widget-call-to-action\" data-id=\"7cdd956\" data-element_type=\"widget\" data-e-type=\"widget\" data-widget_type=\"call-to-action.default\">\n\t\t\t\t\t\t\t<div class=\"elementor-cta\">\n\t\t\t\t\t\t\t<div class=\"elementor-cta__content\">\n\t\t\t\t\n\t\t\t\t\t\t\t\t\t<h3 class=\"elementor-cta__title elementor-cta__content-item elementor-content-item\">\n\t\t\t\t\t\tHabilidades de pensamiento (K5 a 5\u00ba): \t\t\t\t\t<\/h3>\n\t\t\t\t\n\t\t\t\t\t\t\t\t\t<div class=\"elementor-cta__description elementor-cta__content-item elementor-content-item\">\n\t\t\t\t\t\tDesarrollo cr\u00edtico y aprendizaje profundo.\t\t\t\t\t<\/div>\n\t\t\t\t\n\t\t\t\t\t\t\t<\/div>\n\t\t\t\t\t\t<\/div>\n\t\t\t\t\t\t<\/div>\n\t\t\t\t<\/div>\n\t\t\t\t<\/div>\n\t\t\t\t<\/div>\n\t\t<div class=\"elementor-element elementor-element-fe1af65 e-con-full e-flex e-con e-parent\" data-id=\"fe1af65\" data-element_type=\"container\" data-e-type=\"container\" data-settings=\"{&quot;background_background&quot;:&quot;classic&quot;}\">\n\t\t<div class=\"elementor-element elementor-element-4d22436 e-con-full e-flex e-con e-child\" data-id=\"4d22436\" data-element_type=\"container\" data-e-type=\"container\">\n\t\t<div class=\"elementor-element elementor-element-d034350 e-con-full e-flex elementor-invisible e-con e-child\" data-id=\"d034350\" data-element_type=\"container\" data-e-type=\"container\" data-settings=\"{&quot;animation&quot;:&quot;fadeInUp&quot;}\">\n\t\t\t\t<div class=\"elementor-element elementor-element-6279664 elementor-widget elementor-widget-image\" data-id=\"6279664\" data-element_type=\"widget\" data-e-type=\"widget\" data-widget_type=\"image.default\">\n\t\t\t\t\t\t\t\t\t\t\t\t\t\t\t<img loading=\"lazy\" decoding=\"async\" width=\"800\" height=\"739\" src=\"https:\/\/www.colegiobolivar.edu.co\/website\/wp-content\/uploads\/2025\/11\/Funciones_ejecutivas-1024x946.png\" class=\"attachment-large size-large wp-image-39100\" alt=\"\" srcset=\"https:\/\/www.colegiobolivar.edu.co\/website\/wp-content\/uploads\/2025\/11\/Funciones_ejecutivas-1024x946.png 1024w, https:\/\/www.colegiobolivar.edu.co\/website\/wp-content\/uploads\/2025\/11\/Funciones_ejecutivas-300x277.png 300w, https:\/\/www.colegiobolivar.edu.co\/website\/wp-content\/uploads\/2025\/11\/Funciones_ejecutivas-768x710.png 768w, https:\/\/www.colegiobolivar.edu.co\/website\/wp-content\/uploads\/2025\/11\/Funciones_ejecutivas.png 1472w\" sizes=\"(max-width: 800px) 100vw, 800px\" \/>\t\t\t\t\t\t\t\t\t\t\t\t\t\t\t<\/div>\n\t\t\t\t<div class=\"elementor-element elementor-element-476f601 elementor-cta--valign-middle elementor-cta--skin-classic elementor-animated-content elementor-bg-transform elementor-bg-transform-zoom-in elementor-widget elementor-widget-call-to-action\" data-id=\"476f601\" data-element_type=\"widget\" data-e-type=\"widget\" data-widget_type=\"call-to-action.default\">\n\t\t\t\t\t\t\t<div class=\"elementor-cta\">\n\t\t\t\t\t\t\t<div class=\"elementor-cta__content\">\n\t\t\t\t\n\t\t\t\t\t\t\t\t\t<h3 class=\"elementor-cta__title elementor-cta__content-item elementor-content-item\">\n\t\t\t\t\t\tFunciones Ejecutivas (1\u00ba a 5\u00ba):\t\t\t\t\t<\/h3>\n\t\t\t\t\n\t\t\t\t\t\t\t\t\t<div class=\"elementor-cta__description elementor-cta__content-item elementor-content-item\">\n\t\t\t\t\t\tAutorregulaci\u00f3n, organizaci\u00f3n y manejo emocional.\t\t\t\t\t<\/div>\n\t\t\t\t\n\t\t\t\t\t\t\t<\/div>\n\t\t\t\t\t\t<\/div>\n\t\t\t\t\t\t<\/div>\n\t\t\t\t<\/div>\n\t\t<div class=\"elementor-element elementor-element-359be19 e-con-full e-flex elementor-invisible e-con e-child\" data-id=\"359be19\" data-element_type=\"container\" data-e-type=\"container\" data-settings=\"{&quot;animation&quot;:&quot;fadeInUp&quot;,&quot;animation_delay&quot;:100}\">\n\t\t\t\t<div class=\"elementor-element elementor-element-482d8d5 elementor-widget elementor-widget-image\" data-id=\"482d8d5\" data-element_type=\"widget\" data-e-type=\"widget\" data-widget_type=\"image.default\">\n\t\t\t\t\t\t\t\t\t\t\t\t\t\t\t<img loading=\"lazy\" decoding=\"async\" width=\"800\" height=\"739\" src=\"https:\/\/www.colegiobolivar.edu.co\/website\/wp-content\/uploads\/2025\/11\/Ingles-1024x946.png\" class=\"attachment-large size-large wp-image-39101\" alt=\"\" srcset=\"https:\/\/www.colegiobolivar.edu.co\/website\/wp-content\/uploads\/2025\/11\/Ingles-1024x946.png 1024w, https:\/\/www.colegiobolivar.edu.co\/website\/wp-content\/uploads\/2025\/11\/Ingles-300x277.png 300w, https:\/\/www.colegiobolivar.edu.co\/website\/wp-content\/uploads\/2025\/11\/Ingles-768x710.png 768w, https:\/\/www.colegiobolivar.edu.co\/website\/wp-content\/uploads\/2025\/11\/Ingles.png 1472w\" sizes=\"(max-width: 800px) 100vw, 800px\" \/>\t\t\t\t\t\t\t\t\t\t\t\t\t\t\t<\/div>\n\t\t\t\t<div class=\"elementor-element elementor-element-2a95548 elementor-cta--valign-middle elementor-cta--skin-classic elementor-animated-content elementor-bg-transform elementor-bg-transform-zoom-in elementor-widget elementor-widget-call-to-action\" data-id=\"2a95548\" data-element_type=\"widget\" data-e-type=\"widget\" data-widget_type=\"call-to-action.default\">\n\t\t\t\t\t\t\t<div class=\"elementor-cta\">\n\t\t\t\t\t\t\t<div class=\"elementor-cta__content\">\n\t\t\t\t\n\t\t\t\t\t\t\t\t\t<h3 class=\"elementor-cta__title elementor-cta__content-item elementor-content-item\">\n\t\t\t\t\t\tEnriquecimiento en ingl\u00e9s (K4 a 5\u00ba): \t\t\t\t\t<\/h3>\n\t\t\t\t\n\t\t\t\t\t\t\t\t\t<div class=\"elementor-cta__description elementor-cta__content-item elementor-content-item\">\n\t\t\t\t\t\tRetos para estudiantes con alto dominio del idioma.\t\t\t\t\t<\/div>\n\t\t\t\t\n\t\t\t\t\t\t\t<\/div>\n\t\t\t\t\t\t<\/div>\n\t\t\t\t\t\t<\/div>\n\t\t\t\t<\/div>\n\t\t<div class=\"elementor-element elementor-element-5adc03d e-con-full e-flex elementor-invisible e-con e-child\" data-id=\"5adc03d\" data-element_type=\"container\" data-e-type=\"container\" data-settings=\"{&quot;animation&quot;:&quot;fadeInUp&quot;,&quot;animation_delay&quot;:200}\">\n\t\t\t\t<div class=\"elementor-element elementor-element-8e6af08 elementor-widget elementor-widget-image\" data-id=\"8e6af08\" data-element_type=\"widget\" data-e-type=\"widget\" data-widget_type=\"image.default\">\n\t\t\t\t\t\t\t\t\t\t\t\t\t\t\t<img loading=\"lazy\" decoding=\"async\" width=\"800\" height=\"739\" src=\"https:\/\/www.colegiobolivar.edu.co\/website\/wp-content\/uploads\/2025\/11\/Matematicas2-1024x946.png\" class=\"attachment-large size-large wp-image-39102\" alt=\"\" srcset=\"https:\/\/www.colegiobolivar.edu.co\/website\/wp-content\/uploads\/2025\/11\/Matematicas2-1024x946.png 1024w, https:\/\/www.colegiobolivar.edu.co\/website\/wp-content\/uploads\/2025\/11\/Matematicas2-300x277.png 300w, https:\/\/www.colegiobolivar.edu.co\/website\/wp-content\/uploads\/2025\/11\/Matematicas2-768x710.png 768w, https:\/\/www.colegiobolivar.edu.co\/website\/wp-content\/uploads\/2025\/11\/Matematicas2.png 1472w\" sizes=\"(max-width: 800px) 100vw, 800px\" \/>\t\t\t\t\t\t\t\t\t\t\t\t\t\t\t<\/div>\n\t\t\t\t<div class=\"elementor-element elementor-element-294d0da elementor-cta--valign-middle elementor-cta--skin-classic elementor-animated-content elementor-bg-transform elementor-bg-transform-zoom-in elementor-widget elementor-widget-call-to-action\" data-id=\"294d0da\" data-element_type=\"widget\" data-e-type=\"widget\" data-widget_type=\"call-to-action.default\">\n\t\t\t\t\t\t\t<div class=\"elementor-cta\">\n\t\t\t\t\t\t\t<div class=\"elementor-cta__content\">\n\t\t\t\t\n\t\t\t\t\t\t\t\t\t<h3 class=\"elementor-cta__title elementor-cta__content-item elementor-content-item\">\n\t\t\t\t\t\tEnriquecimiento en matem\u00e1ticas (2\u00ba a 5\u00ba): \t\t\t\t\t<\/h3>\n\t\t\t\t\n\t\t\t\t\t\t\t\t\t<div class=\"elementor-cta__description elementor-cta__content-item elementor-content-item\">\n\t\t\t\t\t\tExperiencias avanzadas para alto desempe\u00f1o. \t\t\t\t\t<\/div>\n\t\t\t\t\n\t\t\t\t\t\t\t<\/div>\n\t\t\t\t\t\t<\/div>\n\t\t\t\t\t\t<\/div>\n\t\t\t\t<\/div>\n\t\t<div class=\"elementor-element elementor-element-f6a1f82 e-con-full e-flex elementor-invisible e-con e-child\" data-id=\"f6a1f82\" data-element_type=\"container\" data-e-type=\"container\" data-settings=\"{&quot;animation&quot;:&quot;fadeInUp&quot;,&quot;animation_delay&quot;:300}\">\n\t\t\t\t<div class=\"elementor-element elementor-element-453b5f6 elementor-widget elementor-widget-image\" data-id=\"453b5f6\" data-element_type=\"widget\" data-e-type=\"widget\" data-widget_type=\"image.default\">\n\t\t\t\t\t\t\t\t\t\t\t\t\t\t\t<img loading=\"lazy\" decoding=\"async\" width=\"800\" height=\"739\" src=\"https:\/\/www.colegiobolivar.edu.co\/website\/wp-content\/uploads\/2025\/11\/procesos_aprendizajeMH-1024x946.png\" class=\"attachment-large size-large wp-image-39103\" alt=\"\" srcset=\"https:\/\/www.colegiobolivar.edu.co\/website\/wp-content\/uploads\/2025\/11\/procesos_aprendizajeMH-1024x946.png 1024w, https:\/\/www.colegiobolivar.edu.co\/website\/wp-content\/uploads\/2025\/11\/procesos_aprendizajeMH-300x277.png 300w, https:\/\/www.colegiobolivar.edu.co\/website\/wp-content\/uploads\/2025\/11\/procesos_aprendizajeMH-768x710.png 768w, https:\/\/www.colegiobolivar.edu.co\/website\/wp-content\/uploads\/2025\/11\/procesos_aprendizajeMH.png 1472w\" sizes=\"(max-width: 800px) 100vw, 800px\" \/>\t\t\t\t\t\t\t\t\t\t\t\t\t\t\t<\/div>\n\t\t\t\t<div class=\"elementor-element elementor-element-bba3a1e elementor-cta--valign-middle elementor-cta--skin-classic elementor-animated-content elementor-bg-transform elementor-bg-transform-zoom-in elementor-widget elementor-widget-call-to-action\" data-id=\"bba3a1e\" data-element_type=\"widget\" data-e-type=\"widget\" data-widget_type=\"call-to-action.default\">\n\t\t\t\t\t\t\t<div class=\"elementor-cta\">\n\t\t\t\t\t\t\t<div class=\"elementor-cta__content\">\n\t\t\t\t\n\t\t\t\t\t\t\t\t\t<h3 class=\"elementor-cta__title elementor-cta__content-item elementor-content-item\">\n\t\t\t\t\t\tProcesos de aprendizaje y estudio (Middle y High School): \t\t\t\t\t<\/h3>\n\t\t\t\t\n\t\t\t\t\t\t\t\t\t<div class=\"elementor-cta__description elementor-cta__content-item elementor-content-item\">\n\t\t\t\t\t\tEstrategias de organizaci\u00f3n, tiempo, comprensi\u00f3n y autonom\u00eda.\t\t\t\t\t<\/div>\n\t\t\t\t\n\t\t\t\t\t\t\t<\/div>\n\t\t\t\t\t\t<\/div>\n\t\t\t\t\t\t<\/div>\n\t\t\t\t<\/div>\n\t\t\t\t<\/div>\n\t\t\t\t<\/div>\n\t\t<div class=\"elementor-element elementor-element-c799613 e-flex e-con-boxed e-con e-parent\" data-id=\"c799613\" data-element_type=\"container\" data-e-type=\"container\" data-settings=\"{&quot;background_background&quot;:&quot;classic&quot;}\">\n\t\t\t\t\t<div class=\"e-con-inner\">\n\t\t\t\t<div class=\"elementor-element elementor-element-cc53063 elementor-widget elementor-widget-text-editor\" data-id=\"cc53063\" data-element_type=\"widget\" data-e-type=\"widget\" data-widget_type=\"text-editor.default\">\n\t\t\t\t\t\t\t\t\t<p>En el Colegio Bol\u00edvar, cada estudiante encuentra el apoyo que necesita para descubrir su potencial, crecer con confianza y alcanzar sus sue\u00f1os.<\/p>\t\t\t\t\t\t\t\t<\/div>\n\t\t\t\t\t<\/div>\n\t\t\t\t<\/div>\n\t\t\t\t<\/div>\n\t\t","protected":false},"excerpt":{"rendered":"<p>Servicios de Apoyo al Aprendizaje El Colegio Bol\u00edvar reconoce que cada estudiante aprende de manera \u00fanica. El equipo de Apoyo al Aprendizaje trabaja junto a docentes y familias para fortalecer habilidades, superar dificultades y potenciar talentos, acompa\u00f1ando el desarrollo acad\u00e9mico y socioemocional. https:\/\/vimeo.com\/878296741?share=copy&#038;fl=sv&#038;fe=ci Prerrequisitos del aprendizaje (Preprimaria a 2\u00ba): Bases de atenci\u00f3n, memoria y conciencia [&hellip;]<\/p>\n","protected":false},"author":1,"featured_media":0,"parent":0,"menu_order":0,"comment_status":"closed","ping_status":"closed","template":"","meta":{"_acf_changed":false,"footnotes":""},"class_list":["post-38724","page","type-page","status-publish","hentry"],"acf":[],"_links":{"self":[{"href":"https:\/\/www.colegiobolivar.edu.co\/website\/wp-json\/wp\/v2\/pages\/38724","targetHints":{"allow":["GET"]}}],"collection":[{"href":"https:\/\/www.colegiobolivar.edu.co\/website\/wp-json\/wp\/v2\/pages"}],"about":[{"href":"https:\/\/www.colegiobolivar.edu.co\/website\/wp-json\/wp\/v2\/types\/page"}],"author":[{"embeddable":true,"href":"https:\/\/www.colegiobolivar.edu.co\/website\/wp-json\/wp\/v2\/users\/1"}],"replies":[{"embeddable":true,"href":"https:\/\/www.colegiobolivar.edu.co\/website\/wp-json\/wp\/v2\/comments?post=38724"}],"version-history":[{"count":52,"href":"https:\/\/www.colegiobolivar.edu.co\/website\/wp-json\/wp\/v2\/pages\/38724\/revisions"}],"predecessor-version":[{"id":39131,"href":"https:\/\/www.colegiobolivar.edu.co\/website\/wp-json\/wp\/v2\/pages\/38724\/revisions\/39131"}],"wp:attachment":[{"href":"https:\/\/www.colegiobolivar.edu.co\/website\/wp-json\/wp\/v2\/media?parent=38724"}],"curies":[{"name":"wp","href":"https:\/\/api.w.org\/{rel}","templated":true}]}}