{"id":39686,"date":"2025-12-10T13:41:59","date_gmt":"2025-12-10T13:41:59","guid":{"rendered":"https:\/\/colegiobolivar.edu.co\/website\/?page_id=39686"},"modified":"2025-12-10T13:46:30","modified_gmt":"2025-12-10T13:46:30","slug":"aup-politica-para-el-uso-apropiado-de-tecnologia","status":"publish","type":"page","link":"https:\/\/www.colegiobolivar.edu.co\/website\/es\/aup-politica-para-el-uso-apropiado-de-tecnologia\/","title":{"rendered":"AUP \u2013 Pol\u00edtica Para el Uso Apropiado de Tecnolog\u00eda"},"content":{"rendered":"\t\t<div data-elementor-type=\"wp-page\" data-elementor-id=\"39686\" class=\"elementor elementor-39686\" data-elementor-post-type=\"page\">\n\t\t\t\t<div class=\"elementor-element elementor-element-3a4180f e-flex e-con-boxed e-con e-parent\" data-id=\"3a4180f\" data-element_type=\"container\" data-e-type=\"container\">\n\t\t\t\t\t<div class=\"e-con-inner\">\n\t\t\t\t<div class=\"elementor-element elementor-element-ffe975e elementor-widget elementor-widget-heading\" data-id=\"ffe975e\" data-element_type=\"widget\" data-e-type=\"widget\" data-widget_type=\"heading.default\">\n\t\t\t\t\t<h2 class=\"elementor-heading-title elementor-size-default\">Gu\u00eda de Uso Responsable de Sistemas Tecnol\u00f3gicos para Padres de Familia y Estudiantes<\/h2>\t\t\t\t<\/div>\n\t\t\t\t\t<\/div>\n\t\t\t\t<\/div>\n\t\t<div class=\"elementor-element elementor-element-d79feff e-flex e-con-boxed e-con e-parent\" data-id=\"d79feff\" data-element_type=\"container\" data-e-type=\"container\">\n\t\t\t\t\t<div class=\"e-con-inner\">\n\t\t\t\t<div class=\"elementor-element elementor-element-a07a1f3 elementor-widget elementor-widget-text-editor\" data-id=\"a07a1f3\" data-element_type=\"widget\" data-e-type=\"widget\" data-widget_type=\"text-editor.default\">\n\t\t\t\t\t\t\t\t\t<p>A continuaci\u00f3n, se establecen las pol\u00edticas para el uso adecuado de los recursos inform\u00e1ticos del Colegio Bol\u00edvar; el objetivo de esta gu\u00eda no es enumerar todo el comportamiento requerido o inapropiado del usuario, sino promover una utilizaci\u00f3n \u00e9tica, responsable y correcta de los recursos tecnol\u00f3gicos que brinda la instituci\u00f3n educativa.<\/p>\t\t\t\t\t\t\t\t<\/div>\n\t\t\t\t\t<\/div>\n\t\t\t\t<\/div>\n\t\t<div class=\"elementor-element elementor-element-be49026 e-flex e-con-boxed e-con e-parent\" data-id=\"be49026\" data-element_type=\"container\" data-e-type=\"container\">\n\t\t\t\t\t<div class=\"e-con-inner\">\n\t\t\t\t<div class=\"elementor-element elementor-element-5814284 elementor-widget elementor-widget-text-editor\" data-id=\"5814284\" data-element_type=\"widget\" data-e-type=\"widget\" data-widget_type=\"text-editor.default\">\n\t\t\t\t\t\t\t\t\t<p><\/p><p><strong>Todos los usuarios deben demostrar responsabilidad en el uso de los computadores y sistemas tecnol\u00f3gicos que se pone a disposici\u00f3n por parte del Colegio de la siguiente manera:<\/strong><\/p><p> <\/p><ul class=\"wp-block-list\"><li>No entregar ni compartir su clave de acceso a la red con nadie.<\/li> <li>En caso de percatarse de cualquier uso inapropiado de la tecnolog\u00eda, lo informe inmediatamente al docente, secci\u00f3n acad\u00e9mica o al departamento de sistemas.<\/li> <li>Utilizar de manera responsable los recursos tecnol\u00f3gicos que provee el Colegio Bol\u00edvar mediante el uso de un lenguaje adecuado, respetando la privacidad de los dem\u00e1s y utilizando la cuenta de correo electr\u00f3nico para los fines leg\u00edtimos para los cuales se fueron creados.<\/li> <li>Utilizar los recursos de la red e Internet de manera eficiente.<\/li> <li>Se recomienda a los Padres de Familia realizar un monitoreo continuo de las actividades de sus hijos en la red.<\/li> <li>Eliminar mensajes de correo (inbox, outbox, deleted items &amp; sent items) que no sean necesarios.<\/li> <li>Para el Colegio Bol\u00edvar, la Seguridad es un asunto de mucha importancia, por ello, le informamos que nuestros sistemas tecnol\u00f3gicos cuentan con las medidas de seguridad adecuadas con el fin de evitar incidentes que puedan tener impacto en nuestros estudiantes. Sin embargo, sabemos que la seguridad es un asunto de todos por lo tanto para mantener la red del Colegio Bol\u00edvar libre de ataques de virus inform\u00e1ticos, necesitamos que se abstengan de abrir archivos adjuntos a los correos electr\u00f3nicos, si provienen de fuentes desconocidas. Adicionalmente, es imperativo contar con un programa de antivirus que permitan evitar la ejecuci\u00f3n de software malicioso dentro de sus dispositivos. En caso de conocer alg\u00fan tipo de uso inapropiado o incidente de seguridad, le recomendamos informar inmediatamente al departamento de sistemas del Colegio.<\/li> <li>Utilice \u00fanicamente los programas autorizados por el Colegio. Si necesita instalar un programa, parches de software o actualizaciones, por favor p\u00f3ngase en contacto con el Departamento de Sistemas.<\/li> <li>Contar con una conexi\u00f3n a Internet a trav\u00e9s de redes de WI-FI con clave.<\/li> <li>En el momento de acceso a cualquier tipo de plataforma en donde se deba crear un usuario o contrase\u00f1a, se recomienda no usar contrase\u00f1as en donde se relacionen elementos del entorno del padre o del estudiante.<\/li> <li>La conexi\u00f3n remota del estudiante implica per se un tratamiento de datos personales. De ah\u00ed que se recomienda a los estudiantes contar solamente con las aplicaciones autorizadas por la instituci\u00f3n educativa que sean para el buen funcionamiento de las clases de tipo virtual.<\/li> <li>Las im\u00e1genes del estudiante podr\u00e1n ser grabadas, esto implicar\u00eda un tratamiento de datos personales, e incluir\u00e1 contenido protegido por propiedad intelectual. Se informa a los padres de familia y estudiantes, que dicho contenido ser\u00e1 tratado para los fines leg\u00edtimamente permitidos por la Constituci\u00f3n Pol\u00edtica y la Ley, garantizando el inter\u00e9s supremo del estudiante al acceso a la educaci\u00f3n. As\u00ed mismo, se informa que dicha informaci\u00f3n no ser\u00e1 compartida con terceros que no tengan nada que ver con la relaci\u00f3n colegio-estudiante-padre de familia, de ah\u00ed entonces que, el Colegio Bol\u00edvar garantiza el cumplimiento de todas las disposiciones establecidas en la Ley de Protecci\u00f3n de Datos Personales, y dem\u00e1s normas concordantes.<\/li> <li>No obstante lo anterior, el representante legal del menor (padre de familia o acudiente legal) podr\u00e1 rehusarse a autorizar la grabaci\u00f3n de la imagen de su hijo o hija; para ello lo invitamos a optar por apagar la c\u00e1mara de video y el micr\u00f3fono, e interactuar a trav\u00e9s del chat o del sistema de gesti\u00f3n educativa prevista por el colegio.<\/li> <li>En caso de que el estudiante o padre de familia, utilicen dispositivos tecnol\u00f3gicos ajenos a los suministrados por el Colegio, se recomienda tomar todas las medidas de seguridad apropiadas y necesarias con el fin de evitar accesos de informaci\u00f3n no autorizadas por parte de terceros.<\/li> <li>Las grabaciones de nuestras clases han sido desactivadas por motivos de seguridad y en aras de proteger los datos personales tales como la imagen y voz de nuestros estudiantes. El Colegio Bolivar les recuerda a los estudiantes y profesores que si bien dentro de nuestras plataformas se encuentra deshabilitada la opci\u00f3n de grabaci\u00f3n de nuestras sesiones educativas, se informa que queda prohibido alg\u00fan tipo de grabaci\u00f3n adicional en donde se utilicen sistemas diferentes a los utilizados por la instituci\u00f3n; en ese orden de ideas, en caso de alguna grabaci\u00f3n no ha sido autorizada por escrito por el Colegio Bolivar y realizado por el padre de familia y\/o el estudiante; la instituci\u00f3n tomara las acciones correspondientes para evitar dicha grabaci\u00f3n, reproducci\u00f3n, o puesta en comunicaci\u00f3n p\u00fablica, y en general usos no autorizados.<\/li><\/ul><p><\/p>\t\t\t\t\t\t\t\t<\/div>\n\t\t\t\t\t<\/div>\n\t\t\t\t<\/div>\n\t\t<div class=\"elementor-element elementor-element-6d5e132 e-flex e-con-boxed e-con e-parent\" data-id=\"6d5e132\" data-element_type=\"container\" data-e-type=\"container\">\n\t\t\t\t\t<div class=\"e-con-inner\">\n\t\t\t\t<div class=\"elementor-element elementor-element-81627e6 elementor-widget elementor-widget-text-editor\" data-id=\"81627e6\" data-element_type=\"widget\" data-e-type=\"widget\" data-widget_type=\"text-editor.default\">\n\t\t\t\t\t\t\t\t\t<p><\/p><p><strong>Buen uso del Correo Electr\u00f3nico:<\/strong><\/p><p> <\/p><ul class=\"wp-block-list\"><li>El correo electr\u00f3nico promueve las comunicaciones informales debido a su facilidad de uso. Sin embargo, a diferencia de las llamadas telef\u00f3nicas, los correos electr\u00f3nicos dejan registros permanentes que pueden ser transmitidos a otros. Recuerde que, si elimina un correo electr\u00f3nico de su buz\u00f3n de entrada, puede permanecer en el sistema por alg\u00fan tiempo en el buz\u00f3n de elementos borrados.<\/li> <li>Tenga cuidado con el contenido de la informaci\u00f3n que enviar\u00e1 y a quien lo hace. No diga nada en un correo electr\u00f3nico que no quiera que aparezca en el buz\u00f3n de usuarios diferentes del destinatario, en Internet u otros medios. Recuerde que los correos electr\u00f3nicos invitan a ser repartidos, con oprimir un bot\u00f3n sus mensajes pueden llegar a usuarios en todo el mundo si cualquier recipiente o un \u00abhacker\u00bb, deciden hacerlo.<\/li> <li>Al utilizar el correo electr\u00f3nico o cualquier sistema de mensajer\u00eda instant\u00e1nea, tenga cuidado de no crear situaciones de riesgo de tipo legal para usted ni para el Colegio. Por ejemplo, si usted distribuye mensajes que difaman a otra persona o instituci\u00f3n, si distribuye o descarga material pornogr\u00e1fico, si env\u00eda correos ofensivos o discriminatorios en contra de alguien, distribuye informaci\u00f3n personal de otra persona puede estar violando leyes del Estado al igual que las pol\u00edticas del Colegio. Aseg\u00farese que su uso del correo electr\u00f3nico no est\u00e9 en violaci\u00f3n de ninguna ley o pol\u00edtica del Colegio.<\/li> <li>No se involucre con actividades tales como el env\u00edo de correos no solicitados o \u201cspamming\u201d u otras actividades que puedan congestionar la red del colegio, los sistemas con los que cuenta el colegio para el manejo y administraci\u00f3n del servicio educativo, y en general el internet.<\/li> <li>Conservar el usuario y contrase\u00f1a de acceso a sus dispositivos electr\u00f3nicos de forma secreta y segura, adem\u00e1s de no facilitar en ning\u00fan momento esta informaci\u00f3n a terceros.<\/li><\/ul><p> <\/p><p><strong>Usando el Internet adecuadamente:<\/strong><\/p><p> <\/p><ul class=\"wp-block-list\"><li>Se recomienda tanto a los padres de familia como a los estudiantes tener cuidado de los sitios de Internet que visita. No visite p\u00e1ginas en Internet \u00f3 descargue archivos o informaci\u00f3n que puede poner en duda sus derechos fundamentales y en general la reputaci\u00f3n del Colegio.<\/li> <li>No asuma que cualquier cosa que aparezca en Internet la puede copiar. Como regla general, debe asumir que toda informaci\u00f3n tiene derechos de autor y no se debe copiar a no ser que exista una nota clara que lo indique. Por ejemplo, si ha encontrado una caricatura interesante, asuma que NO la puede copiar<\/li> <li>Evitar conectarse en redes WI-FI p\u00fablicas, inseguras o no reconocidas. Utilice solo redes privadas.<\/li> <li>No reenviar cadenas de mensajes.<\/li> <li>No abrir mensajes sospechosos.<\/li> <li>No utilizar contrase\u00f1as poco seguras o f\u00e1cilmente deducibles.<\/li> <li>Frente a cualquier uso inapropiado, no olvide en informar a las autoridades correspondientes y al departamento de sistemas del Colegio.<\/li><\/ul><p><\/p>\t\t\t\t\t\t\t\t<\/div>\n\t\t\t\t\t<\/div>\n\t\t\t\t<\/div>\n\t\t<div class=\"elementor-element elementor-element-8fecdc2 e-flex e-con-boxed e-con e-parent\" data-id=\"8fecdc2\" data-element_type=\"container\" data-e-type=\"container\">\n\t\t\t\t\t<div class=\"e-con-inner\">\n\t\t\t\t<div class=\"elementor-element elementor-element-71c9043 elementor-widget elementor-widget-text-editor\" data-id=\"71c9043\" data-element_type=\"widget\" data-e-type=\"widget\" data-widget_type=\"text-editor.default\">\n\t\t\t\t\t\t\t\t\t<p>Todos, como usuarios, somos responsables de nuestras acciones al utilizar los recursos de red, software y los computadores del Colegio.<\/p>\t\t\t\t\t\t\t\t<\/div>\n\t\t\t\t\t<\/div>\n\t\t\t\t<\/div>\n\t\t\t\t<\/div>\n\t\t","protected":false},"excerpt":{"rendered":"<p>Gu\u00eda de Uso Responsable de Sistemas Tecnol\u00f3gicos para Padres de Familia y Estudiantes A continuaci\u00f3n, se establecen las pol\u00edticas para el uso adecuado de los recursos inform\u00e1ticos del Colegio Bol\u00edvar; el objetivo de esta gu\u00eda no es enumerar todo el comportamiento requerido o inapropiado del usuario, sino promover una utilizaci\u00f3n \u00e9tica, responsable y correcta de [&hellip;]<\/p>\n","protected":false},"author":1,"featured_media":0,"parent":0,"menu_order":0,"comment_status":"closed","ping_status":"closed","template":"elementor_header_footer","meta":{"_acf_changed":false,"footnotes":""},"class_list":["post-39686","page","type-page","status-publish","hentry"],"acf":[],"_links":{"self":[{"href":"https:\/\/www.colegiobolivar.edu.co\/website\/wp-json\/wp\/v2\/pages\/39686","targetHints":{"allow":["GET"]}}],"collection":[{"href":"https:\/\/www.colegiobolivar.edu.co\/website\/wp-json\/wp\/v2\/pages"}],"about":[{"href":"https:\/\/www.colegiobolivar.edu.co\/website\/wp-json\/wp\/v2\/types\/page"}],"author":[{"embeddable":true,"href":"https:\/\/www.colegiobolivar.edu.co\/website\/wp-json\/wp\/v2\/users\/1"}],"replies":[{"embeddable":true,"href":"https:\/\/www.colegiobolivar.edu.co\/website\/wp-json\/wp\/v2\/comments?post=39686"}],"version-history":[{"count":4,"href":"https:\/\/www.colegiobolivar.edu.co\/website\/wp-json\/wp\/v2\/pages\/39686\/revisions"}],"predecessor-version":[{"id":39690,"href":"https:\/\/www.colegiobolivar.edu.co\/website\/wp-json\/wp\/v2\/pages\/39686\/revisions\/39690"}],"wp:attachment":[{"href":"https:\/\/www.colegiobolivar.edu.co\/website\/wp-json\/wp\/v2\/media?parent=39686"}],"curies":[{"name":"wp","href":"https:\/\/api.w.org\/{rel}","templated":true}]}}